{"id":3584,"date":"2018-10-14T15:54:08","date_gmt":"2018-10-14T13:54:08","guid":{"rendered":"https:\/\/galerieannebarrault.com\/ressources\/jochen-gerner-tnt-en-amerique\/"},"modified":"2019-05-13T23:23:08","modified_gmt":"2019-05-13T21:23:08","slug":"jochen-gerner-tnt-en-amerique","status":"publish","type":"page","link":"https:\/\/galerieannebarrault.com\/en\/ressources\/jochen-gerner-tnt-en-amerique\/","title":{"rendered":"Jochen Gerner, TNT en Am\u00e9rique"},"content":{"rendered":"<p><img loading=\"lazy\" decoding=\"async\" class=\"size-full wp-image-713 alignright\" src=\"https:\/\/galerieannebarrault.com\/wp-content\/uploads\/2018\/10\/jochen-gerner-tnt-p53.jpg\" alt=\"Jochen Gerner, TNT en Am\u00e9rique\" width=\"350\" height=\"482\" srcset=\"https:\/\/galerieannebarrault.com\/wp-content\/uploads\/2018\/10\/jochen-gerner-tnt-p53.jpg 350w, https:\/\/galerieannebarrault.com\/wp-content\/uploads\/2018\/10\/jochen-gerner-tnt-p53-300x413.jpg 300w, https:\/\/galerieannebarrault.com\/wp-content\/uploads\/2018\/10\/jochen-gerner-tnt-p53-218x300.jpg 218w, https:\/\/galerieannebarrault.com\/wp-content\/uploads\/2018\/10\/jochen-gerner-tnt-p53-182x250.jpg 182w\" sizes=\"auto, (max-width: 350px) 100vw, 350px\" \/><\/p>\n<p>The main interest for me of the comic strip is the infinite possible links between text and image : a system of representation continually confronting , in a kind of alchemy, text and picture . This is the field I endeavour to explore on my own or with OuBaPo (Ouvroir de Bande dessin\u00e9e Potentielle).<br \/>\nThe idea &#8220;TNT en Am\u00e9rique&#8221; sprang from these remarks with OuBaPo, from exercises, experiments. I try to find new reading perspectives. I dismantle a given material to make something else of it.<br \/>\nThrough analysing Herg\u00e9&#8217;s comic strip &#8220;Tintin en Am\u00e9rique&#8221; I realized the recurring incident of fall (of bodies)in this book. I wanted to understand where this permanent giddiness came from. Early 2001, I began to understand this violence (violence always softened and made seem ordinary thanks to the clear line of the drawing : getting punched is much more violent than what is shown in this kind of book) and I decided it would be the opportunity to do an &#8220;oubapian&#8221; exercise with the whole book.<br \/>\nTherefore all this was only a personal experience at the beginning. I first analysed and dissected the text in Herg\u00e9&#8217;s balloons . Then I kept the words for their meanings ( in relation with the violence and the symbolical themes of American society) and their musical qualities. I drew up lists .<\/p>\n<p>I tried to elaborate sets of themes according to the pages.<br \/>\nAt that time, I began to blacken Herg\u00e9&#8217;s drawings letting out only the words I thought important. Later on , I found the graphic solution by enlightening this black with &#8220;openings&#8221; on colour, while completing the text by images. Black has then become night since all these coloured spots (signs, pictograms, simple symbols) were becoming urban little lights, pop neon lights flickering in the violent darkness of the American city. A kind of tentacular city watched by night from the sky or a promontory ( a recurrent scene in American films). Black in reference to censorship, to night, to darkness ( evil ), the mystery of uncompletely revealed things .<br \/>\nOn a dense black background, light coloured vignettes tell a story of American violence through their sequene and insistence : I bring up this phenomenon as well as the notions of noises, movements, money, religion, Good and Evil connected to it ( the first moving neon sign in the United States was used to announce a death sentence). This night is an &#8220;American night&#8221; : a filter on an image taken in daylight to give the illusion of night.<br \/>\nThe reader&#8217;s mind (who should have read &#8220;Tintin en Am\u00e9rique&#8221; beforehand) must be able to go from Herg\u00e9&#8217;s underlying work to my graphic indications and back.<br \/>\nThis graphic intervention is as much about America through one of Herg\u00e9&#8217;s comic strip, as it is about Herg\u00e9&#8217;s work through the themes about America.<br \/>\nFor these two universes, Herg\u00e9&#8217;s light line and American society can be understood in the same way : both worlds apparently rich, beautiful, smooth ,but radically dark and violent . So I was able, thanks to reframing, masking, covering up to use a given material in order to examine its unexploited contents as well as its obscure zones.<br \/>\nFrom a techical point of view, I bought ( in shops specialized in old editions) old copies of &#8220;Tintin en Am\u00e9rique&#8221;. Therefore I worked directly on the printed editions by cutting the pages one by one and covering them thickly with black ink.The elements of the original work were not to be seen showing through . It is for the same reason the publisher suggested I should rewrite the selected words myself for the printed version because Herg\u00e9&#8217;s handwriting could not be copied without authorization.<br \/>\nThe book was logically made by following the covering up concept thoroughly. Every word in its original place, each page in its place in the book. The publisher&#8217;s address and the colophon were put in the same places. The flyleaves and the clothbound back refer to Herg\u00e9&#8217;s original editions.<br \/>\nI did not see this book as a &#8220;technical feat&#8221; but as the discovery of a secret passage , of a dark track followed to the end. I do not try to respect a fixed form or to keep faithful readers through my style of drawing. I make my books according to the theme and the issue at stake.<\/p>\n<p>This book was published in 2002 ,Ampoule publishers<br \/>\nAfter September 11th 2001, when I was working on this book, I did not change anything about my work. At that time I had chosen all the words I was to keep, I had written the quatrains placed at the end of the book. I had also drawn the first fifteen pages. Later on I realized I was working on topical questions. Some sequences in &#8220;TNT en Am\u00e9rique&#8221; strangely echoed perfectly what was going on at the time : bomb attack\/ terror\/revenge\/pursuit\/cave\/dollars\/crisis.<br \/>\nLast, this book was not made against Tintin or for Tintin but about Tintin. A piece of work on and about the comic strip.<\/p>\n<p>Jochen Gerner<\/p>\n","protected":false},"excerpt":{"rendered":"<p>The main interest for me of the comic strip is the infinite possible links between text and image : a system of representation continually confronting , in a kind of alchemy, text and picture . This is the field I endeavour to explore on my own or with OuBaPo (Ouvroir de Bande dessin\u00e9e Potentielle). The idea &#8220;TNT en Am\u00e9rique&#8221; sprang&hellip;<a href=\"https:\/\/galerieannebarrault.com\/en\/ressources\/jochen-gerner-tnt-en-amerique\/\" class=\"more-link\">Continue reading <span class=\"screen-reader-text\">Jochen Gerner, TNT en Am\u00e9rique<\/span><\/a><\/p>\n","protected":false},"author":1,"featured_media":714,"parent":3580,"menu_order":0,"comment_status":"closed","ping_status":"closed","template":"","meta":{"_monsterinsights_skip_tracking":false,"_monsterinsights_sitenote_active":false,"_monsterinsights_sitenote_note":"","_monsterinsights_sitenote_category":0,"footnotes":""},"class_list":["post-3584","page","type-page","status-publish","has-post-thumbnail","hentry"],"yoast_head":"<!-- This site is optimized with the Yoast SEO plugin v27.4 - https:\/\/yoast.com\/product\/yoast-seo-wordpress\/ -->\n<title>Jochen Gerner, TNT en Am\u00e9rique &#8211; galerie anne barrault<\/title>\n<meta name=\"robots\" content=\"index, follow, max-snippet:-1, max-image-preview:large, max-video-preview:-1\" \/>\n<link rel=\"canonical\" href=\"https:\/\/galerieannebarrault.com\/en\/ressources\/jochen-gerner-tnt-en-amerique\/\" \/>\n<meta property=\"og:locale\" content=\"en_US\" \/>\n<meta property=\"og:type\" content=\"article\" \/>\n<meta property=\"og:title\" content=\"Jochen Gerner, TNT en Am\u00e9rique &#8211; galerie anne barrault\" \/>\n<meta property=\"og:description\" content=\"The main interest for me of the comic strip is the infinite possible links between text and image : a system of representation continually confronting , in a kind of alchemy, text and picture . This is the field I endeavour to explore on my own or with OuBaPo (Ouvroir de Bande dessin\u00e9e Potentielle). The idea &#8220;TNT en Am\u00e9rique&#8221; sprang&hellip;Continue reading Jochen Gerner, TNT en Am\u00e9rique\" \/>\n<meta property=\"og:url\" content=\"https:\/\/galerieannebarrault.com\/en\/ressources\/jochen-gerner-tnt-en-amerique\/\" \/>\n<meta property=\"og:site_name\" content=\"galerie anne barrault\" \/>\n<meta property=\"article:publisher\" content=\"https:\/\/www.facebook.com\/galerieannebarrault\/\" \/>\n<meta property=\"article:modified_time\" content=\"2019-05-13T21:23:08+00:00\" \/>\n<meta property=\"og:image\" content=\"https:\/\/galerieannebarrault.com\/wp-content\/uploads\/2018\/10\/jochen-gerner-tnt-p53.jpg\" \/>\n\t<meta property=\"og:image:width\" content=\"350\" \/>\n\t<meta property=\"og:image:height\" content=\"482\" \/>\n\t<meta property=\"og:image:type\" content=\"image\/jpeg\" \/>\n<meta name=\"twitter:card\" content=\"summary_large_image\" \/>\n<meta name=\"twitter:site\" content=\"@Anne_Barrault\" \/>\n<meta name=\"twitter:label1\" content=\"Est. reading time\" \/>\n\t<meta name=\"twitter:data1\" content=\"4 minutes\" \/>\n<script type=\"application\/ld+json\" class=\"yoast-schema-graph\">{\"@context\":\"https:\\\/\\\/schema.org\",\"@graph\":[{\"@type\":\"WebPage\",\"@id\":\"https:\\\/\\\/galerieannebarrault.com\\\/en\\\/ressources\\\/jochen-gerner-tnt-en-amerique\\\/\",\"url\":\"https:\\\/\\\/galerieannebarrault.com\\\/en\\\/ressources\\\/jochen-gerner-tnt-en-amerique\\\/\",\"name\":\"Jochen Gerner, TNT en Am\u00e9rique &#8211; galerie anne barrault\",\"isPartOf\":{\"@id\":\"https:\\\/\\\/galerieannebarrault.com\\\/#website\"},\"primaryImageOfPage\":{\"@id\":\"https:\\\/\\\/galerieannebarrault.com\\\/en\\\/ressources\\\/jochen-gerner-tnt-en-amerique\\\/#primaryimage\"},\"image\":{\"@id\":\"https:\\\/\\\/galerieannebarrault.com\\\/en\\\/ressources\\\/jochen-gerner-tnt-en-amerique\\\/#primaryimage\"},\"thumbnailUrl\":\"https:\\\/\\\/galerieannebarrault.com\\\/wp-content\\\/uploads\\\/2018\\\/10\\\/jochen-gerner-tnt-p53.jpg\",\"datePublished\":\"2018-10-14T13:54:08+00:00\",\"dateModified\":\"2019-05-13T21:23:08+00:00\",\"breadcrumb\":{\"@id\":\"https:\\\/\\\/galerieannebarrault.com\\\/en\\\/ressources\\\/jochen-gerner-tnt-en-amerique\\\/#breadcrumb\"},\"inLanguage\":\"en-US\",\"potentialAction\":[{\"@type\":\"ReadAction\",\"target\":[\"https:\\\/\\\/galerieannebarrault.com\\\/en\\\/ressources\\\/jochen-gerner-tnt-en-amerique\\\/\"]}]},{\"@type\":\"ImageObject\",\"inLanguage\":\"en-US\",\"@id\":\"https:\\\/\\\/galerieannebarrault.com\\\/en\\\/ressources\\\/jochen-gerner-tnt-en-amerique\\\/#primaryimage\",\"url\":\"https:\\\/\\\/galerieannebarrault.com\\\/wp-content\\\/uploads\\\/2018\\\/10\\\/jochen-gerner-tnt-p53.jpg\",\"contentUrl\":\"https:\\\/\\\/galerieannebarrault.com\\\/wp-content\\\/uploads\\\/2018\\\/10\\\/jochen-gerner-tnt-p53.jpg\",\"width\":350,\"height\":482,\"caption\":\"Jochen Gerner, TNT en Am\u00e9rique\"},{\"@type\":\"BreadcrumbList\",\"@id\":\"https:\\\/\\\/galerieannebarrault.com\\\/en\\\/ressources\\\/jochen-gerner-tnt-en-amerique\\\/#breadcrumb\",\"itemListElement\":[{\"@type\":\"ListItem\",\"position\":1,\"name\":\"Accueil\",\"item\":\"https:\\\/\\\/galerieannebarrault.com\\\/en\\\/accueil\\\/\"},{\"@type\":\"ListItem\",\"position\":2,\"name\":\"Ressources\",\"item\":\"https:\\\/\\\/galerieannebarrault.com\\\/en\\\/ressources\\\/\"},{\"@type\":\"ListItem\",\"position\":3,\"name\":\"Jochen Gerner, TNT en Am\u00e9rique\"}]},{\"@type\":\"WebSite\",\"@id\":\"https:\\\/\\\/galerieannebarrault.com\\\/#website\",\"url\":\"https:\\\/\\\/galerieannebarrault.com\\\/\",\"name\":\"galerie anne barrault\",\"description\":\"\",\"publisher\":{\"@id\":\"https:\\\/\\\/galerieannebarrault.com\\\/#organization\"},\"potentialAction\":[{\"@type\":\"SearchAction\",\"target\":{\"@type\":\"EntryPoint\",\"urlTemplate\":\"https:\\\/\\\/galerieannebarrault.com\\\/?s={search_term_string}\"},\"query-input\":{\"@type\":\"PropertyValueSpecification\",\"valueRequired\":true,\"valueName\":\"search_term_string\"}}],\"inLanguage\":\"en-US\"},{\"@type\":\"Organization\",\"@id\":\"https:\\\/\\\/galerieannebarrault.com\\\/#organization\",\"name\":\"Galerie Anne Barrault\",\"url\":\"https:\\\/\\\/galerieannebarrault.com\\\/\",\"logo\":{\"@type\":\"ImageObject\",\"inLanguage\":\"en-US\",\"@id\":\"https:\\\/\\\/galerieannebarrault.com\\\/#\\\/schema\\\/logo\\\/image\\\/\",\"url\":\"https:\\\/\\\/galerieannebarrault.com\\\/wp-content\\\/uploads\\\/2018\\\/07\\\/logo_anne_barrault.png\",\"contentUrl\":\"https:\\\/\\\/galerieannebarrault.com\\\/wp-content\\\/uploads\\\/2018\\\/07\\\/logo_anne_barrault.png\",\"width\":375,\"height\":200,\"caption\":\"Galerie Anne Barrault\"},\"image\":{\"@id\":\"https:\\\/\\\/galerieannebarrault.com\\\/#\\\/schema\\\/logo\\\/image\\\/\"},\"sameAs\":[\"https:\\\/\\\/www.facebook.com\\\/galerieannebarrault\\\/\",\"https:\\\/\\\/x.com\\\/Anne_Barrault\",\"https:\\\/\\\/twitter.com\\\/Anne_Barrault\"]}]}<\/script>\n<!-- \/ Yoast SEO plugin. -->","yoast_head_json":{"title":"Jochen Gerner, TNT en Am\u00e9rique &#8211; galerie anne barrault","robots":{"index":"index","follow":"follow","max-snippet":"max-snippet:-1","max-image-preview":"max-image-preview:large","max-video-preview":"max-video-preview:-1"},"canonical":"https:\/\/galerieannebarrault.com\/en\/ressources\/jochen-gerner-tnt-en-amerique\/","og_locale":"en_US","og_type":"article","og_title":"Jochen Gerner, TNT en Am\u00e9rique &#8211; galerie anne barrault","og_description":"The main interest for me of the comic strip is the infinite possible links between text and image : a system of representation continually confronting , in a kind of alchemy, text and picture . This is the field I endeavour to explore on my own or with OuBaPo (Ouvroir de Bande dessin\u00e9e Potentielle). The idea &#8220;TNT en Am\u00e9rique&#8221; sprang&hellip;Continue reading Jochen Gerner, TNT en Am\u00e9rique","og_url":"https:\/\/galerieannebarrault.com\/en\/ressources\/jochen-gerner-tnt-en-amerique\/","og_site_name":"galerie anne barrault","article_publisher":"https:\/\/www.facebook.com\/galerieannebarrault\/","article_modified_time":"2019-05-13T21:23:08+00:00","og_image":[{"width":350,"height":482,"url":"https:\/\/galerieannebarrault.com\/wp-content\/uploads\/2018\/10\/jochen-gerner-tnt-p53.jpg","type":"image\/jpeg"}],"twitter_card":"summary_large_image","twitter_site":"@Anne_Barrault","twitter_misc":{"Est. reading time":"4 minutes"},"schema":{"@context":"https:\/\/schema.org","@graph":[{"@type":"WebPage","@id":"https:\/\/galerieannebarrault.com\/en\/ressources\/jochen-gerner-tnt-en-amerique\/","url":"https:\/\/galerieannebarrault.com\/en\/ressources\/jochen-gerner-tnt-en-amerique\/","name":"Jochen Gerner, TNT en Am\u00e9rique &#8211; galerie anne barrault","isPartOf":{"@id":"https:\/\/galerieannebarrault.com\/#website"},"primaryImageOfPage":{"@id":"https:\/\/galerieannebarrault.com\/en\/ressources\/jochen-gerner-tnt-en-amerique\/#primaryimage"},"image":{"@id":"https:\/\/galerieannebarrault.com\/en\/ressources\/jochen-gerner-tnt-en-amerique\/#primaryimage"},"thumbnailUrl":"https:\/\/galerieannebarrault.com\/wp-content\/uploads\/2018\/10\/jochen-gerner-tnt-p53.jpg","datePublished":"2018-10-14T13:54:08+00:00","dateModified":"2019-05-13T21:23:08+00:00","breadcrumb":{"@id":"https:\/\/galerieannebarrault.com\/en\/ressources\/jochen-gerner-tnt-en-amerique\/#breadcrumb"},"inLanguage":"en-US","potentialAction":[{"@type":"ReadAction","target":["https:\/\/galerieannebarrault.com\/en\/ressources\/jochen-gerner-tnt-en-amerique\/"]}]},{"@type":"ImageObject","inLanguage":"en-US","@id":"https:\/\/galerieannebarrault.com\/en\/ressources\/jochen-gerner-tnt-en-amerique\/#primaryimage","url":"https:\/\/galerieannebarrault.com\/wp-content\/uploads\/2018\/10\/jochen-gerner-tnt-p53.jpg","contentUrl":"https:\/\/galerieannebarrault.com\/wp-content\/uploads\/2018\/10\/jochen-gerner-tnt-p53.jpg","width":350,"height":482,"caption":"Jochen Gerner, TNT en Am\u00e9rique"},{"@type":"BreadcrumbList","@id":"https:\/\/galerieannebarrault.com\/en\/ressources\/jochen-gerner-tnt-en-amerique\/#breadcrumb","itemListElement":[{"@type":"ListItem","position":1,"name":"Accueil","item":"https:\/\/galerieannebarrault.com\/en\/accueil\/"},{"@type":"ListItem","position":2,"name":"Ressources","item":"https:\/\/galerieannebarrault.com\/en\/ressources\/"},{"@type":"ListItem","position":3,"name":"Jochen Gerner, TNT en Am\u00e9rique"}]},{"@type":"WebSite","@id":"https:\/\/galerieannebarrault.com\/#website","url":"https:\/\/galerieannebarrault.com\/","name":"galerie anne barrault","description":"","publisher":{"@id":"https:\/\/galerieannebarrault.com\/#organization"},"potentialAction":[{"@type":"SearchAction","target":{"@type":"EntryPoint","urlTemplate":"https:\/\/galerieannebarrault.com\/?s={search_term_string}"},"query-input":{"@type":"PropertyValueSpecification","valueRequired":true,"valueName":"search_term_string"}}],"inLanguage":"en-US"},{"@type":"Organization","@id":"https:\/\/galerieannebarrault.com\/#organization","name":"Galerie Anne Barrault","url":"https:\/\/galerieannebarrault.com\/","logo":{"@type":"ImageObject","inLanguage":"en-US","@id":"https:\/\/galerieannebarrault.com\/#\/schema\/logo\/image\/","url":"https:\/\/galerieannebarrault.com\/wp-content\/uploads\/2018\/07\/logo_anne_barrault.png","contentUrl":"https:\/\/galerieannebarrault.com\/wp-content\/uploads\/2018\/07\/logo_anne_barrault.png","width":375,"height":200,"caption":"Galerie Anne Barrault"},"image":{"@id":"https:\/\/galerieannebarrault.com\/#\/schema\/logo\/image\/"},"sameAs":["https:\/\/www.facebook.com\/galerieannebarrault\/","https:\/\/x.com\/Anne_Barrault","https:\/\/twitter.com\/Anne_Barrault"]}]}},"_links":{"self":[{"href":"https:\/\/galerieannebarrault.com\/en\/wp-json\/wp\/v2\/pages\/3584","targetHints":{"allow":["GET"]}}],"collection":[{"href":"https:\/\/galerieannebarrault.com\/en\/wp-json\/wp\/v2\/pages"}],"about":[{"href":"https:\/\/galerieannebarrault.com\/en\/wp-json\/wp\/v2\/types\/page"}],"author":[{"embeddable":true,"href":"https:\/\/galerieannebarrault.com\/en\/wp-json\/wp\/v2\/users\/1"}],"replies":[{"embeddable":true,"href":"https:\/\/galerieannebarrault.com\/en\/wp-json\/wp\/v2\/comments?post=3584"}],"version-history":[{"count":2,"href":"https:\/\/galerieannebarrault.com\/en\/wp-json\/wp\/v2\/pages\/3584\/revisions"}],"predecessor-version":[{"id":3586,"href":"https:\/\/galerieannebarrault.com\/en\/wp-json\/wp\/v2\/pages\/3584\/revisions\/3586"}],"up":[{"embeddable":true,"href":"https:\/\/galerieannebarrault.com\/en\/wp-json\/wp\/v2\/pages\/3580"}],"wp:featuredmedia":[{"embeddable":true,"href":"https:\/\/galerieannebarrault.com\/en\/wp-json\/wp\/v2\/media\/714"}],"wp:attachment":[{"href":"https:\/\/galerieannebarrault.com\/en\/wp-json\/wp\/v2\/media?parent=3584"}],"curies":[{"name":"wp","href":"https:\/\/api.w.org\/{rel}","templated":true}]}}