{"id":3858,"date":"2019-05-22T18:51:57","date_gmt":"2019-05-22T16:51:57","guid":{"rendered":"https:\/\/galerieannebarrault.com\/ressources\/ramuntcho-matta-installation-sonore-et-disque\/"},"modified":"2019-06-01T18:22:56","modified_gmt":"2019-06-01T16:22:56","slug":"ramuntcho-matta-sound-installations-records","status":"publish","type":"page","link":"https:\/\/galerieannebarrault.com\/en\/ressources\/ramuntcho-matta-sound-installations-records\/","title":{"rendered":"Ramuntcho Matta, sound installations \/ records"},"content":{"rendered":"<h3>ludicit\u00e9<\/h3>\n<p><img loading=\"lazy\" decoding=\"async\" class=\"size-full wp-image-3828 alignnone\" src=\"https:\/\/galerieannebarrault.com\/wp-content\/uploads\/2019\/05\/is-ludicite.jpg\" alt=\"\" width=\"450\" height=\"332\" srcset=\"https:\/\/galerieannebarrault.com\/wp-content\/uploads\/2019\/05\/is-ludicite.jpg 450w, https:\/\/galerieannebarrault.com\/wp-content\/uploads\/2019\/05\/is-ludicite-300x221.jpg 300w, https:\/\/galerieannebarrault.com\/wp-content\/uploads\/2019\/05\/is-ludicite-220x162.jpg 220w, https:\/\/galerieannebarrault.com\/wp-content\/uploads\/2019\/05\/is-ludicite-250x184.jpg 250w\" sizes=\"auto, (max-width: 450px) 100vw, 450px\" \/><\/p>\n<audio class=\"wp-audio-shortcode\" id=\"audio-3858-1\" preload=\"none\" style=\"width: 100%;\" controls=\"controls\"><source type=\"audio\/mpeg\" src=\"https:\/\/galerieannebarrault.com\/wp-content\/uploads\/2019\/05\/is-ludicite-02.mp3?_=1\" \/><a href=\"https:\/\/galerieannebarrault.com\/wp-content\/uploads\/2019\/05\/is-ludicite-02.mp3\">https:\/\/galerieannebarrault.com\/wp-content\/uploads\/2019\/05\/is-ludicite-02.mp3<\/a><\/audio>\n<p>ludicit\u00e9, 2008, exhibition soundtrack, J&#8217;en ai un<\/p>\n<hr \/>\n<h3>The Cat Inside<\/h3>\n<p><img loading=\"lazy\" decoding=\"async\" class=\"size-full wp-image-3824 alignnone\" src=\"https:\/\/galerieannebarrault.com\/wp-content\/uploads\/2019\/05\/is-cat.jpg\" alt=\"\" width=\"450\" height=\"337\" srcset=\"https:\/\/galerieannebarrault.com\/wp-content\/uploads\/2019\/05\/is-cat.jpg 450w, https:\/\/galerieannebarrault.com\/wp-content\/uploads\/2019\/05\/is-cat-300x225.jpg 300w, https:\/\/galerieannebarrault.com\/wp-content\/uploads\/2019\/05\/is-cat-220x165.jpg 220w, https:\/\/galerieannebarrault.com\/wp-content\/uploads\/2019\/05\/is-cat-250x187.jpg 250w\" sizes=\"auto, (max-width: 450px) 100vw, 450px\" \/><\/p>\n<audio class=\"wp-audio-shortcode\" id=\"audio-3858-2\" preload=\"none\" style=\"width: 100%;\" controls=\"controls\"><source type=\"audio\/mpeg\" src=\"https:\/\/galerieannebarrault.com\/wp-content\/uploads\/2019\/05\/is-cat-03.mp3?_=2\" \/><a href=\"https:\/\/galerieannebarrault.com\/wp-content\/uploads\/2019\/05\/is-cat-03.mp3\">https:\/\/galerieannebarrault.com\/wp-content\/uploads\/2019\/05\/is-cat-03.mp3<\/a><\/audio>\n<p>The Cat Inside, 2008, sound installation, Track 03<\/p>\n<hr \/>\n<h3>at ta<\/h3>\n<p><img loading=\"lazy\" decoding=\"async\" class=\"alignnone size-full wp-image-3822\" src=\"https:\/\/galerieannebarrault.com\/wp-content\/uploads\/2019\/05\/is-atta.jpg\" alt=\"\" width=\"450\" height=\"371\" srcset=\"https:\/\/galerieannebarrault.com\/wp-content\/uploads\/2019\/05\/is-atta.jpg 450w, https:\/\/galerieannebarrault.com\/wp-content\/uploads\/2019\/05\/is-atta-300x247.jpg 300w, https:\/\/galerieannebarrault.com\/wp-content\/uploads\/2019\/05\/is-atta-220x181.jpg 220w, https:\/\/galerieannebarrault.com\/wp-content\/uploads\/2019\/05\/is-atta-250x206.jpg 250w\" sizes=\"auto, (max-width: 450px) 100vw, 450px\" \/><\/p>\n<p>&nbsp;<\/p>\n<audio class=\"wp-audio-shortcode\" id=\"audio-3858-3\" preload=\"none\" style=\"width: 100%;\" controls=\"controls\"><source type=\"audio\/mpeg\" src=\"https:\/\/galerieannebarrault.com\/wp-content\/uploads\/2019\/05\/is-atta.mp3?_=3\" \/><a href=\"https:\/\/galerieannebarrault.com\/wp-content\/uploads\/2019\/05\/is-atta.mp3\">https:\/\/galerieannebarrault.com\/wp-content\/uploads\/2019\/05\/is-atta.mp3<\/a><\/audio>\n<p>at ta, 2007, Ossa me<\/p>\n<hr \/>\n<h3>ma tta<\/h3>\n<p><img loading=\"lazy\" decoding=\"async\" class=\"alignnone size-full wp-image-3830\" src=\"https:\/\/galerieannebarrault.com\/wp-content\/uploads\/2019\/05\/is-matta.jpg\" alt=\"\" width=\"450\" height=\"397\" srcset=\"https:\/\/galerieannebarrault.com\/wp-content\/uploads\/2019\/05\/is-matta.jpg 450w, https:\/\/galerieannebarrault.com\/wp-content\/uploads\/2019\/05\/is-matta-300x265.jpg 300w, https:\/\/galerieannebarrault.com\/wp-content\/uploads\/2019\/05\/is-matta-220x194.jpg 220w, https:\/\/galerieannebarrault.com\/wp-content\/uploads\/2019\/05\/is-matta-250x221.jpg 250w\" sizes=\"auto, (max-width: 450px) 100vw, 450px\" \/><\/p>\n<audio class=\"wp-audio-shortcode\" id=\"audio-3858-4\" preload=\"none\" style=\"width: 100%;\" controls=\"controls\"><source type=\"audio\/mpeg\" src=\"https:\/\/galerieannebarrault.com\/wp-content\/uploads\/2019\/05\/is-matta.mp3?_=4\" \/><a href=\"https:\/\/galerieannebarrault.com\/wp-content\/uploads\/2019\/05\/is-matta.mp3\">https:\/\/galerieannebarrault.com\/wp-content\/uploads\/2019\/05\/is-matta.mp3<\/a><\/audio>\n<p>ma tta, 2007, Slow down<\/p>\n<hr \/>\n<h3>Safari<\/h3>\n<p><img loading=\"lazy\" decoding=\"async\" class=\"alignnone size-full wp-image-3832\" src=\"https:\/\/galerieannebarrault.com\/wp-content\/uploads\/2019\/05\/is-safari.jpg\" alt=\"\" width=\"450\" height=\"338\" srcset=\"https:\/\/galerieannebarrault.com\/wp-content\/uploads\/2019\/05\/is-safari.jpg 450w, https:\/\/galerieannebarrault.com\/wp-content\/uploads\/2019\/05\/is-safari-300x225.jpg 300w, https:\/\/galerieannebarrault.com\/wp-content\/uploads\/2019\/05\/is-safari-220x165.jpg 220w, https:\/\/galerieannebarrault.com\/wp-content\/uploads\/2019\/05\/is-safari-250x188.jpg 250w\" sizes=\"auto, (max-width: 450px) 100vw, 450px\" \/><\/p>\n<audio class=\"wp-audio-shortcode\" id=\"audio-3858-5\" preload=\"none\" style=\"width: 100%;\" controls=\"controls\"><source type=\"audio\/mpeg\" src=\"https:\/\/galerieannebarrault.com\/wp-content\/uploads\/2019\/05\/is-safari-twist.mp3?_=5\" \/><a href=\"https:\/\/galerieannebarrault.com\/wp-content\/uploads\/2019\/05\/is-safari-twist.mp3\">https:\/\/galerieannebarrault.com\/wp-content\/uploads\/2019\/05\/is-safari-twist.mp3<\/a><\/audio>\n<p>Safari, 2008, Le twist du pachyderme<\/p>\n<hr \/>\n<h3>Le\u00e7on de fran\u00e7ais<\/h3>\n<p><img loading=\"lazy\" decoding=\"async\" class=\"alignnone size-full wp-image-3826\" src=\"https:\/\/galerieannebarrault.com\/wp-content\/uploads\/2019\/05\/is-lecon.jpg\" alt=\"\" width=\"450\" height=\"340\" srcset=\"https:\/\/galerieannebarrault.com\/wp-content\/uploads\/2019\/05\/is-lecon.jpg 450w, https:\/\/galerieannebarrault.com\/wp-content\/uploads\/2019\/05\/is-lecon-300x227.jpg 300w, https:\/\/galerieannebarrault.com\/wp-content\/uploads\/2019\/05\/is-lecon-220x166.jpg 220w, https:\/\/galerieannebarrault.com\/wp-content\/uploads\/2019\/05\/is-lecon-250x189.jpg 250w\" sizes=\"auto, (max-width: 450px) 100vw, 450px\" \/><\/p>\n<audio class=\"wp-audio-shortcode\" id=\"audio-3858-6\" preload=\"none\" style=\"width: 100%;\" controls=\"controls\"><source type=\"audio\/mpeg\" src=\"https:\/\/galerieannebarrault.com\/wp-content\/uploads\/2019\/05\/is-lecon.mp3?_=6\" \/><a href=\"https:\/\/galerieannebarrault.com\/wp-content\/uploads\/2019\/05\/is-lecon.mp3\">https:\/\/galerieannebarrault.com\/wp-content\/uploads\/2019\/05\/is-lecon.mp3<\/a><\/audio>\n<p>le\u00e7on de fran\u00e7ais, 2006, Track 01<\/p>\n","protected":false},"excerpt":{"rendered":"<p>ludicit\u00e9 ludicit\u00e9, 2008, exhibition soundtrack, J&#8217;en ai un The Cat Inside The Cat Inside, 2008, sound installation, Track 03 at ta &nbsp; at ta, 2007, Ossa me ma tta ma tta, 2007, Slow down Safari Safari, 2008, Le twist du pachyderme Le\u00e7on de fran\u00e7ais le\u00e7on de fran\u00e7ais, 2006, Track 01<\/p>\n","protected":false},"author":1,"featured_media":0,"parent":3580,"menu_order":0,"comment_status":"closed","ping_status":"closed","template":"","meta":{"_monsterinsights_skip_tracking":false,"_monsterinsights_sitenote_active":false,"_monsterinsights_sitenote_note":"","_monsterinsights_sitenote_category":0,"footnotes":""},"class_list":["post-3858","page","type-page","status-publish","hentry"],"yoast_head":"<!-- This site is optimized with the Yoast SEO plugin v27.4 - https:\/\/yoast.com\/product\/yoast-seo-wordpress\/ -->\n<title>Ramuntcho Matta, sound installations \/ records &#8211; galerie anne barrault<\/title>\n<meta name=\"robots\" content=\"index, follow, max-snippet:-1, max-image-preview:large, max-video-preview:-1\" \/>\n<link rel=\"canonical\" href=\"https:\/\/galerieannebarrault.com\/en\/ressources\/ramuntcho-matta-sound-installations-records\/\" \/>\n<meta property=\"og:locale\" content=\"en_US\" \/>\n<meta property=\"og:type\" content=\"article\" \/>\n<meta property=\"og:title\" content=\"Ramuntcho Matta, sound installations \/ records &#8211; galerie anne barrault\" \/>\n<meta property=\"og:description\" content=\"ludicit\u00e9 ludicit\u00e9, 2008, exhibition soundtrack, J&#8217;en ai un The Cat Inside The Cat Inside, 2008, sound installation, Track 03 at ta &nbsp; at ta, 2007, Ossa me ma tta ma tta, 2007, Slow down Safari Safari, 2008, Le twist du pachyderme Le\u00e7on de fran\u00e7ais le\u00e7on de fran\u00e7ais, 2006, Track 01\" \/>\n<meta property=\"og:url\" content=\"https:\/\/galerieannebarrault.com\/en\/ressources\/ramuntcho-matta-sound-installations-records\/\" \/>\n<meta property=\"og:site_name\" content=\"galerie anne barrault\" \/>\n<meta property=\"article:publisher\" content=\"https:\/\/www.facebook.com\/galerieannebarrault\/\" \/>\n<meta property=\"article:modified_time\" content=\"2019-06-01T16:22:56+00:00\" \/>\n<meta property=\"og:image\" content=\"https:\/\/galerieannebarrault.com\/wp-content\/uploads\/2019\/05\/is-ludicite.jpg\" \/>\n<meta name=\"twitter:card\" content=\"summary_large_image\" \/>\n<meta name=\"twitter:site\" content=\"@Anne_Barrault\" \/>\n<meta name=\"twitter:label1\" content=\"Est. reading time\" \/>\n\t<meta name=\"twitter:data1\" content=\"1 minute\" \/>\n<script type=\"application\/ld+json\" class=\"yoast-schema-graph\">{\"@context\":\"https:\\\/\\\/schema.org\",\"@graph\":[{\"@type\":\"WebPage\",\"@id\":\"https:\\\/\\\/galerieannebarrault.com\\\/en\\\/ressources\\\/ramuntcho-matta-sound-installations-records\\\/\",\"url\":\"https:\\\/\\\/galerieannebarrault.com\\\/en\\\/ressources\\\/ramuntcho-matta-sound-installations-records\\\/\",\"name\":\"Ramuntcho Matta, sound installations \\\/ records &#8211; galerie anne barrault\",\"isPartOf\":{\"@id\":\"https:\\\/\\\/galerieannebarrault.com\\\/#website\"},\"primaryImageOfPage\":{\"@id\":\"https:\\\/\\\/galerieannebarrault.com\\\/en\\\/ressources\\\/ramuntcho-matta-sound-installations-records\\\/#primaryimage\"},\"image\":{\"@id\":\"https:\\\/\\\/galerieannebarrault.com\\\/en\\\/ressources\\\/ramuntcho-matta-sound-installations-records\\\/#primaryimage\"},\"thumbnailUrl\":\"https:\\\/\\\/galerieannebarrault.com\\\/wp-content\\\/uploads\\\/2019\\\/05\\\/is-ludicite.jpg\",\"datePublished\":\"2019-05-22T16:51:57+00:00\",\"dateModified\":\"2019-06-01T16:22:56+00:00\",\"breadcrumb\":{\"@id\":\"https:\\\/\\\/galerieannebarrault.com\\\/en\\\/ressources\\\/ramuntcho-matta-sound-installations-records\\\/#breadcrumb\"},\"inLanguage\":\"en-US\",\"potentialAction\":[{\"@type\":\"ReadAction\",\"target\":[\"https:\\\/\\\/galerieannebarrault.com\\\/en\\\/ressources\\\/ramuntcho-matta-sound-installations-records\\\/\"]}]},{\"@type\":\"ImageObject\",\"inLanguage\":\"en-US\",\"@id\":\"https:\\\/\\\/galerieannebarrault.com\\\/en\\\/ressources\\\/ramuntcho-matta-sound-installations-records\\\/#primaryimage\",\"url\":\"https:\\\/\\\/galerieannebarrault.com\\\/wp-content\\\/uploads\\\/2019\\\/05\\\/is-ludicite.jpg\",\"contentUrl\":\"https:\\\/\\\/galerieannebarrault.com\\\/wp-content\\\/uploads\\\/2019\\\/05\\\/is-ludicite.jpg\"},{\"@type\":\"BreadcrumbList\",\"@id\":\"https:\\\/\\\/galerieannebarrault.com\\\/en\\\/ressources\\\/ramuntcho-matta-sound-installations-records\\\/#breadcrumb\",\"itemListElement\":[{\"@type\":\"ListItem\",\"position\":1,\"name\":\"Accueil\",\"item\":\"https:\\\/\\\/galerieannebarrault.com\\\/en\\\/accueil\\\/\"},{\"@type\":\"ListItem\",\"position\":2,\"name\":\"Ressources\",\"item\":\"https:\\\/\\\/galerieannebarrault.com\\\/en\\\/ressources\\\/\"},{\"@type\":\"ListItem\",\"position\":3,\"name\":\"Ramuntcho Matta, sound installations \\\/ records\"}]},{\"@type\":\"WebSite\",\"@id\":\"https:\\\/\\\/galerieannebarrault.com\\\/#website\",\"url\":\"https:\\\/\\\/galerieannebarrault.com\\\/\",\"name\":\"galerie anne barrault\",\"description\":\"\",\"publisher\":{\"@id\":\"https:\\\/\\\/galerieannebarrault.com\\\/#organization\"},\"potentialAction\":[{\"@type\":\"SearchAction\",\"target\":{\"@type\":\"EntryPoint\",\"urlTemplate\":\"https:\\\/\\\/galerieannebarrault.com\\\/?s={search_term_string}\"},\"query-input\":{\"@type\":\"PropertyValueSpecification\",\"valueRequired\":true,\"valueName\":\"search_term_string\"}}],\"inLanguage\":\"en-US\"},{\"@type\":\"Organization\",\"@id\":\"https:\\\/\\\/galerieannebarrault.com\\\/#organization\",\"name\":\"Galerie Anne Barrault\",\"url\":\"https:\\\/\\\/galerieannebarrault.com\\\/\",\"logo\":{\"@type\":\"ImageObject\",\"inLanguage\":\"en-US\",\"@id\":\"https:\\\/\\\/galerieannebarrault.com\\\/#\\\/schema\\\/logo\\\/image\\\/\",\"url\":\"https:\\\/\\\/galerieannebarrault.com\\\/wp-content\\\/uploads\\\/2018\\\/07\\\/logo_anne_barrault.png\",\"contentUrl\":\"https:\\\/\\\/galerieannebarrault.com\\\/wp-content\\\/uploads\\\/2018\\\/07\\\/logo_anne_barrault.png\",\"width\":375,\"height\":200,\"caption\":\"Galerie Anne Barrault\"},\"image\":{\"@id\":\"https:\\\/\\\/galerieannebarrault.com\\\/#\\\/schema\\\/logo\\\/image\\\/\"},\"sameAs\":[\"https:\\\/\\\/www.facebook.com\\\/galerieannebarrault\\\/\",\"https:\\\/\\\/x.com\\\/Anne_Barrault\",\"https:\\\/\\\/twitter.com\\\/Anne_Barrault\"]}]}<\/script>\n<!-- \/ Yoast SEO plugin. -->","yoast_head_json":{"title":"Ramuntcho Matta, sound installations \/ records &#8211; galerie anne barrault","robots":{"index":"index","follow":"follow","max-snippet":"max-snippet:-1","max-image-preview":"max-image-preview:large","max-video-preview":"max-video-preview:-1"},"canonical":"https:\/\/galerieannebarrault.com\/en\/ressources\/ramuntcho-matta-sound-installations-records\/","og_locale":"en_US","og_type":"article","og_title":"Ramuntcho Matta, sound installations \/ records &#8211; galerie anne barrault","og_description":"ludicit\u00e9 ludicit\u00e9, 2008, exhibition soundtrack, J&#8217;en ai un The Cat Inside The Cat Inside, 2008, sound installation, Track 03 at ta &nbsp; at ta, 2007, Ossa me ma tta ma tta, 2007, Slow down Safari Safari, 2008, Le twist du pachyderme Le\u00e7on de fran\u00e7ais le\u00e7on de fran\u00e7ais, 2006, Track 01","og_url":"https:\/\/galerieannebarrault.com\/en\/ressources\/ramuntcho-matta-sound-installations-records\/","og_site_name":"galerie anne barrault","article_publisher":"https:\/\/www.facebook.com\/galerieannebarrault\/","article_modified_time":"2019-06-01T16:22:56+00:00","og_image":[{"url":"https:\/\/galerieannebarrault.com\/wp-content\/uploads\/2019\/05\/is-ludicite.jpg","type":"","width":"","height":""}],"twitter_card":"summary_large_image","twitter_site":"@Anne_Barrault","twitter_misc":{"Est. reading time":"1 minute"},"schema":{"@context":"https:\/\/schema.org","@graph":[{"@type":"WebPage","@id":"https:\/\/galerieannebarrault.com\/en\/ressources\/ramuntcho-matta-sound-installations-records\/","url":"https:\/\/galerieannebarrault.com\/en\/ressources\/ramuntcho-matta-sound-installations-records\/","name":"Ramuntcho Matta, sound installations \/ records &#8211; galerie anne barrault","isPartOf":{"@id":"https:\/\/galerieannebarrault.com\/#website"},"primaryImageOfPage":{"@id":"https:\/\/galerieannebarrault.com\/en\/ressources\/ramuntcho-matta-sound-installations-records\/#primaryimage"},"image":{"@id":"https:\/\/galerieannebarrault.com\/en\/ressources\/ramuntcho-matta-sound-installations-records\/#primaryimage"},"thumbnailUrl":"https:\/\/galerieannebarrault.com\/wp-content\/uploads\/2019\/05\/is-ludicite.jpg","datePublished":"2019-05-22T16:51:57+00:00","dateModified":"2019-06-01T16:22:56+00:00","breadcrumb":{"@id":"https:\/\/galerieannebarrault.com\/en\/ressources\/ramuntcho-matta-sound-installations-records\/#breadcrumb"},"inLanguage":"en-US","potentialAction":[{"@type":"ReadAction","target":["https:\/\/galerieannebarrault.com\/en\/ressources\/ramuntcho-matta-sound-installations-records\/"]}]},{"@type":"ImageObject","inLanguage":"en-US","@id":"https:\/\/galerieannebarrault.com\/en\/ressources\/ramuntcho-matta-sound-installations-records\/#primaryimage","url":"https:\/\/galerieannebarrault.com\/wp-content\/uploads\/2019\/05\/is-ludicite.jpg","contentUrl":"https:\/\/galerieannebarrault.com\/wp-content\/uploads\/2019\/05\/is-ludicite.jpg"},{"@type":"BreadcrumbList","@id":"https:\/\/galerieannebarrault.com\/en\/ressources\/ramuntcho-matta-sound-installations-records\/#breadcrumb","itemListElement":[{"@type":"ListItem","position":1,"name":"Accueil","item":"https:\/\/galerieannebarrault.com\/en\/accueil\/"},{"@type":"ListItem","position":2,"name":"Ressources","item":"https:\/\/galerieannebarrault.com\/en\/ressources\/"},{"@type":"ListItem","position":3,"name":"Ramuntcho Matta, sound installations \/ records"}]},{"@type":"WebSite","@id":"https:\/\/galerieannebarrault.com\/#website","url":"https:\/\/galerieannebarrault.com\/","name":"galerie anne barrault","description":"","publisher":{"@id":"https:\/\/galerieannebarrault.com\/#organization"},"potentialAction":[{"@type":"SearchAction","target":{"@type":"EntryPoint","urlTemplate":"https:\/\/galerieannebarrault.com\/?s={search_term_string}"},"query-input":{"@type":"PropertyValueSpecification","valueRequired":true,"valueName":"search_term_string"}}],"inLanguage":"en-US"},{"@type":"Organization","@id":"https:\/\/galerieannebarrault.com\/#organization","name":"Galerie Anne Barrault","url":"https:\/\/galerieannebarrault.com\/","logo":{"@type":"ImageObject","inLanguage":"en-US","@id":"https:\/\/galerieannebarrault.com\/#\/schema\/logo\/image\/","url":"https:\/\/galerieannebarrault.com\/wp-content\/uploads\/2018\/07\/logo_anne_barrault.png","contentUrl":"https:\/\/galerieannebarrault.com\/wp-content\/uploads\/2018\/07\/logo_anne_barrault.png","width":375,"height":200,"caption":"Galerie Anne Barrault"},"image":{"@id":"https:\/\/galerieannebarrault.com\/#\/schema\/logo\/image\/"},"sameAs":["https:\/\/www.facebook.com\/galerieannebarrault\/","https:\/\/x.com\/Anne_Barrault","https:\/\/twitter.com\/Anne_Barrault"]}]}},"_links":{"self":[{"href":"https:\/\/galerieannebarrault.com\/en\/wp-json\/wp\/v2\/pages\/3858","targetHints":{"allow":["GET"]}}],"collection":[{"href":"https:\/\/galerieannebarrault.com\/en\/wp-json\/wp\/v2\/pages"}],"about":[{"href":"https:\/\/galerieannebarrault.com\/en\/wp-json\/wp\/v2\/types\/page"}],"author":[{"embeddable":true,"href":"https:\/\/galerieannebarrault.com\/en\/wp-json\/wp\/v2\/users\/1"}],"replies":[{"embeddable":true,"href":"https:\/\/galerieannebarrault.com\/en\/wp-json\/wp\/v2\/comments?post=3858"}],"version-history":[{"count":2,"href":"https:\/\/galerieannebarrault.com\/en\/wp-json\/wp\/v2\/pages\/3858\/revisions"}],"predecessor-version":[{"id":3860,"href":"https:\/\/galerieannebarrault.com\/en\/wp-json\/wp\/v2\/pages\/3858\/revisions\/3860"}],"up":[{"embeddable":true,"href":"https:\/\/galerieannebarrault.com\/en\/wp-json\/wp\/v2\/pages\/3580"}],"wp:attachment":[{"href":"https:\/\/galerieannebarrault.com\/en\/wp-json\/wp\/v2\/media?parent=3858"}],"curies":[{"name":"wp","href":"https:\/\/api.w.org\/{rel}","templated":true}]}}