{"id":4531,"date":"2019-09-07T12:43:16","date_gmt":"2019-09-07T10:43:16","guid":{"rendered":"https:\/\/galerieannebarrault.com\/produit\/spoerri_preservatifs\/"},"modified":"2019-09-11T14:33:42","modified_gmt":"2019-09-11T12:33:42","slug":"spoerri_preservatifs","status":"publish","type":"product","link":"https:\/\/galerieannebarrault.com\/en\/produit\/spoerri_preservatifs\/","title":{"rendered":"Daniel Spoerri &#8211; 3 pr\u00e9servatifs tricot\u00e9s, tripot\u00e9s, tricolores"},"content":{"rendered":"","protected":false},"excerpt":{"rendered":"<p>\u00ab Three knit ,fingered , three-colored condoms \u00bb was presented in Paris in 1972 in the Woolart exhibition: \u00ab36 artists and wool \u00bb.<br \/>\nEach multiple bas been knit by Daniel Spoerri\u2019s dressmaker, assistant and friend Silke Eggl.<\/p>\n<div>Produced by Panic Publishers and gallery Anne Barrault, the series is made up of 15 numbered copies signed by the artist.<\/div>\n","protected":false},"featured_media":4558,"template":"","meta":{"_monsterinsights_skip_tracking":false,"_monsterinsights_sitenote_active":false,"_monsterinsights_sitenote_note":"","_monsterinsights_sitenote_category":0},"product_brand":[],"product_cat":[38],"product_tag":[],"class_list":{"0":"post-4531","1":"product","2":"type-product","3":"status-publish","4":"has-post-thumbnail","6":"product_cat-prints","7":"product_shipping_class-large-formats","9":"first","10":"instock","11":"shipping-taxable","12":"purchasable","13":"product-type-simple"},"yoast_head":"<!-- This site is optimized with the Yoast SEO plugin v27.5 - https:\/\/yoast.com\/product\/yoast-seo-wordpress\/ -->\n<title>Daniel Spoerri - 3 pr\u00e9servatifs tricot\u00e9s, tripot\u00e9s, tricolores &#8211; galerie anne barrault<\/title>\n<meta name=\"robots\" content=\"index, follow, max-snippet:-1, max-image-preview:large, max-video-preview:-1\" \/>\n<link rel=\"canonical\" href=\"https:\/\/galerieannebarrault.com\/en\/produit\/spoerri_preservatifs\/\" \/>\n<meta property=\"og:locale\" content=\"en_US\" \/>\n<meta property=\"og:type\" content=\"article\" \/>\n<meta property=\"og:title\" content=\"Daniel Spoerri - 3 pr\u00e9servatifs tricot\u00e9s, tripot\u00e9s, tricolores &#8211; galerie anne barrault\" \/>\n<meta property=\"og:description\" content=\"\u00ab Three knit ,fingered , three-colored condoms \u00bb was presented in Paris in 1972 in the Woolart exhibition: \u00ab36 artists and wool \u00bb. Each multiple bas been knit by Daniel Spoerri\u2019s dressmaker, assistant and friend Silke Eggl. Produced by Panic Publishers and gallery Anne Barrault, the series is made up of 15 numbered copies signed by the artist.\" \/>\n<meta property=\"og:url\" content=\"https:\/\/galerieannebarrault.com\/en\/produit\/spoerri_preservatifs\/\" \/>\n<meta property=\"og:site_name\" content=\"galerie anne barrault\" \/>\n<meta property=\"article:publisher\" content=\"https:\/\/www.facebook.com\/galerieannebarrault\/\" \/>\n<meta property=\"article:modified_time\" content=\"2019-09-11T12:33:42+00:00\" \/>\n<meta property=\"og:image\" content=\"https:\/\/galerieannebarrault.com\/wp-content\/uploads\/2019\/09\/GAB-2019-Topor-nest-pas-Mort-017.jpg\" \/>\n\t<meta property=\"og:image:width\" content=\"1774\" \/>\n\t<meta property=\"og:image:height\" content=\"1182\" \/>\n\t<meta property=\"og:image:type\" content=\"image\/jpeg\" \/>\n<meta name=\"twitter:card\" content=\"summary_large_image\" \/>\n<meta name=\"twitter:site\" content=\"@Anne_Barrault\" \/>\n<script type=\"application\/ld+json\" class=\"yoast-schema-graph\">{\"@context\":\"https:\\\/\\\/schema.org\",\"@graph\":[{\"@type\":\"WebPage\",\"@id\":\"https:\\\/\\\/galerieannebarrault.com\\\/en\\\/produit\\\/spoerri_preservatifs\\\/\",\"url\":\"https:\\\/\\\/galerieannebarrault.com\\\/en\\\/produit\\\/spoerri_preservatifs\\\/\",\"name\":\"Daniel Spoerri - 3 pr\u00e9servatifs tricot\u00e9s, tripot\u00e9s, tricolores &#8211; galerie anne barrault\",\"isPartOf\":{\"@id\":\"https:\\\/\\\/galerieannebarrault.com\\\/#website\"},\"primaryImageOfPage\":{\"@id\":\"https:\\\/\\\/galerieannebarrault.com\\\/en\\\/produit\\\/spoerri_preservatifs\\\/#primaryimage\"},\"image\":{\"@id\":\"https:\\\/\\\/galerieannebarrault.com\\\/en\\\/produit\\\/spoerri_preservatifs\\\/#primaryimage\"},\"thumbnailUrl\":\"https:\\\/\\\/galerieannebarrault.com\\\/wp-content\\\/uploads\\\/2019\\\/09\\\/GAB-2019-Topor-nest-pas-Mort-017.jpg\",\"datePublished\":\"2019-09-07T10:43:16+00:00\",\"dateModified\":\"2019-09-11T12:33:42+00:00\",\"breadcrumb\":{\"@id\":\"https:\\\/\\\/galerieannebarrault.com\\\/en\\\/produit\\\/spoerri_preservatifs\\\/#breadcrumb\"},\"inLanguage\":\"en-US\",\"potentialAction\":[{\"@type\":\"ReadAction\",\"target\":[\"https:\\\/\\\/galerieannebarrault.com\\\/en\\\/produit\\\/spoerri_preservatifs\\\/\"]}]},{\"@type\":\"ImageObject\",\"inLanguage\":\"en-US\",\"@id\":\"https:\\\/\\\/galerieannebarrault.com\\\/en\\\/produit\\\/spoerri_preservatifs\\\/#primaryimage\",\"url\":\"https:\\\/\\\/galerieannebarrault.com\\\/wp-content\\\/uploads\\\/2019\\\/09\\\/GAB-2019-Topor-nest-pas-Mort-017.jpg\",\"contentUrl\":\"https:\\\/\\\/galerieannebarrault.com\\\/wp-content\\\/uploads\\\/2019\\\/09\\\/GAB-2019-Topor-nest-pas-Mort-017.jpg\",\"width\":1774,\"height\":1182},{\"@type\":\"BreadcrumbList\",\"@id\":\"https:\\\/\\\/galerieannebarrault.com\\\/en\\\/produit\\\/spoerri_preservatifs\\\/#breadcrumb\",\"itemListElement\":[{\"@type\":\"ListItem\",\"position\":1,\"name\":\"Accueil\",\"item\":\"https:\\\/\\\/galerieannebarrault.com\\\/en\\\/accueil\\\/\"},{\"@type\":\"ListItem\",\"position\":2,\"name\":\"Daniel Spoerri &#8211; 3 pr\u00e9servatifs tricot\u00e9s, tripot\u00e9s, tricolores\"}]},{\"@type\":\"WebSite\",\"@id\":\"https:\\\/\\\/galerieannebarrault.com\\\/#website\",\"url\":\"https:\\\/\\\/galerieannebarrault.com\\\/\",\"name\":\"galerie anne barrault\",\"description\":\"\",\"publisher\":{\"@id\":\"https:\\\/\\\/galerieannebarrault.com\\\/#organization\"},\"potentialAction\":[{\"@type\":\"SearchAction\",\"target\":{\"@type\":\"EntryPoint\",\"urlTemplate\":\"https:\\\/\\\/galerieannebarrault.com\\\/?s={search_term_string}\"},\"query-input\":{\"@type\":\"PropertyValueSpecification\",\"valueRequired\":true,\"valueName\":\"search_term_string\"}}],\"inLanguage\":\"en-US\"},{\"@type\":\"Organization\",\"@id\":\"https:\\\/\\\/galerieannebarrault.com\\\/#organization\",\"name\":\"Galerie Anne Barrault\",\"url\":\"https:\\\/\\\/galerieannebarrault.com\\\/\",\"logo\":{\"@type\":\"ImageObject\",\"inLanguage\":\"en-US\",\"@id\":\"https:\\\/\\\/galerieannebarrault.com\\\/#\\\/schema\\\/logo\\\/image\\\/\",\"url\":\"https:\\\/\\\/galerieannebarrault.com\\\/wp-content\\\/uploads\\\/2018\\\/07\\\/logo_anne_barrault.png\",\"contentUrl\":\"https:\\\/\\\/galerieannebarrault.com\\\/wp-content\\\/uploads\\\/2018\\\/07\\\/logo_anne_barrault.png\",\"width\":375,\"height\":200,\"caption\":\"Galerie Anne Barrault\"},\"image\":{\"@id\":\"https:\\\/\\\/galerieannebarrault.com\\\/#\\\/schema\\\/logo\\\/image\\\/\"},\"sameAs\":[\"https:\\\/\\\/www.facebook.com\\\/galerieannebarrault\\\/\",\"https:\\\/\\\/x.com\\\/Anne_Barrault\",\"https:\\\/\\\/twitter.com\\\/Anne_Barrault\"]}]}<\/script>\n<!-- \/ Yoast SEO plugin. -->","yoast_head_json":{"title":"Daniel Spoerri - 3 pr\u00e9servatifs tricot\u00e9s, tripot\u00e9s, tricolores &#8211; galerie anne barrault","robots":{"index":"index","follow":"follow","max-snippet":"max-snippet:-1","max-image-preview":"max-image-preview:large","max-video-preview":"max-video-preview:-1"},"canonical":"https:\/\/galerieannebarrault.com\/en\/produit\/spoerri_preservatifs\/","og_locale":"en_US","og_type":"article","og_title":"Daniel Spoerri - 3 pr\u00e9servatifs tricot\u00e9s, tripot\u00e9s, tricolores &#8211; galerie anne barrault","og_description":"\u00ab Three knit ,fingered , three-colored condoms \u00bb was presented in Paris in 1972 in the Woolart exhibition: \u00ab36 artists and wool \u00bb. Each multiple bas been knit by Daniel Spoerri\u2019s dressmaker, assistant and friend Silke Eggl. Produced by Panic Publishers and gallery Anne Barrault, the series is made up of 15 numbered copies signed by the artist.","og_url":"https:\/\/galerieannebarrault.com\/en\/produit\/spoerri_preservatifs\/","og_site_name":"galerie anne barrault","article_publisher":"https:\/\/www.facebook.com\/galerieannebarrault\/","article_modified_time":"2019-09-11T12:33:42+00:00","og_image":[{"width":1774,"height":1182,"url":"https:\/\/galerieannebarrault.com\/wp-content\/uploads\/2019\/09\/GAB-2019-Topor-nest-pas-Mort-017.jpg","type":"image\/jpeg"}],"twitter_card":"summary_large_image","twitter_site":"@Anne_Barrault","schema":{"@context":"https:\/\/schema.org","@graph":[{"@type":"WebPage","@id":"https:\/\/galerieannebarrault.com\/en\/produit\/spoerri_preservatifs\/","url":"https:\/\/galerieannebarrault.com\/en\/produit\/spoerri_preservatifs\/","name":"Daniel Spoerri - 3 pr\u00e9servatifs tricot\u00e9s, tripot\u00e9s, tricolores &#8211; galerie anne barrault","isPartOf":{"@id":"https:\/\/galerieannebarrault.com\/#website"},"primaryImageOfPage":{"@id":"https:\/\/galerieannebarrault.com\/en\/produit\/spoerri_preservatifs\/#primaryimage"},"image":{"@id":"https:\/\/galerieannebarrault.com\/en\/produit\/spoerri_preservatifs\/#primaryimage"},"thumbnailUrl":"https:\/\/galerieannebarrault.com\/wp-content\/uploads\/2019\/09\/GAB-2019-Topor-nest-pas-Mort-017.jpg","datePublished":"2019-09-07T10:43:16+00:00","dateModified":"2019-09-11T12:33:42+00:00","breadcrumb":{"@id":"https:\/\/galerieannebarrault.com\/en\/produit\/spoerri_preservatifs\/#breadcrumb"},"inLanguage":"en-US","potentialAction":[{"@type":"ReadAction","target":["https:\/\/galerieannebarrault.com\/en\/produit\/spoerri_preservatifs\/"]}]},{"@type":"ImageObject","inLanguage":"en-US","@id":"https:\/\/galerieannebarrault.com\/en\/produit\/spoerri_preservatifs\/#primaryimage","url":"https:\/\/galerieannebarrault.com\/wp-content\/uploads\/2019\/09\/GAB-2019-Topor-nest-pas-Mort-017.jpg","contentUrl":"https:\/\/galerieannebarrault.com\/wp-content\/uploads\/2019\/09\/GAB-2019-Topor-nest-pas-Mort-017.jpg","width":1774,"height":1182},{"@type":"BreadcrumbList","@id":"https:\/\/galerieannebarrault.com\/en\/produit\/spoerri_preservatifs\/#breadcrumb","itemListElement":[{"@type":"ListItem","position":1,"name":"Accueil","item":"https:\/\/galerieannebarrault.com\/en\/accueil\/"},{"@type":"ListItem","position":2,"name":"Daniel Spoerri &#8211; 3 pr\u00e9servatifs tricot\u00e9s, tripot\u00e9s, tricolores"}]},{"@type":"WebSite","@id":"https:\/\/galerieannebarrault.com\/#website","url":"https:\/\/galerieannebarrault.com\/","name":"galerie anne barrault","description":"","publisher":{"@id":"https:\/\/galerieannebarrault.com\/#organization"},"potentialAction":[{"@type":"SearchAction","target":{"@type":"EntryPoint","urlTemplate":"https:\/\/galerieannebarrault.com\/?s={search_term_string}"},"query-input":{"@type":"PropertyValueSpecification","valueRequired":true,"valueName":"search_term_string"}}],"inLanguage":"en-US"},{"@type":"Organization","@id":"https:\/\/galerieannebarrault.com\/#organization","name":"Galerie Anne Barrault","url":"https:\/\/galerieannebarrault.com\/","logo":{"@type":"ImageObject","inLanguage":"en-US","@id":"https:\/\/galerieannebarrault.com\/#\/schema\/logo\/image\/","url":"https:\/\/galerieannebarrault.com\/wp-content\/uploads\/2018\/07\/logo_anne_barrault.png","contentUrl":"https:\/\/galerieannebarrault.com\/wp-content\/uploads\/2018\/07\/logo_anne_barrault.png","width":375,"height":200,"caption":"Galerie Anne Barrault"},"image":{"@id":"https:\/\/galerieannebarrault.com\/#\/schema\/logo\/image\/"},"sameAs":["https:\/\/www.facebook.com\/galerieannebarrault\/","https:\/\/x.com\/Anne_Barrault","https:\/\/twitter.com\/Anne_Barrault"]}]}},"_links":{"self":[{"href":"https:\/\/galerieannebarrault.com\/en\/wp-json\/wp\/v2\/product\/4531","targetHints":{"allow":["GET"]}}],"collection":[{"href":"https:\/\/galerieannebarrault.com\/en\/wp-json\/wp\/v2\/product"}],"about":[{"href":"https:\/\/galerieannebarrault.com\/en\/wp-json\/wp\/v2\/types\/product"}],"wp:featuredmedia":[{"embeddable":true,"href":"https:\/\/galerieannebarrault.com\/en\/wp-json\/wp\/v2\/media\/4558"}],"wp:attachment":[{"href":"https:\/\/galerieannebarrault.com\/en\/wp-json\/wp\/v2\/media?parent=4531"}],"wp:term":[{"taxonomy":"product_brand","embeddable":true,"href":"https:\/\/galerieannebarrault.com\/en\/wp-json\/wp\/v2\/product_brand?post=4531"},{"taxonomy":"product_cat","embeddable":true,"href":"https:\/\/galerieannebarrault.com\/en\/wp-json\/wp\/v2\/product_cat?post=4531"},{"taxonomy":"product_tag","embeddable":true,"href":"https:\/\/galerieannebarrault.com\/en\/wp-json\/wp\/v2\/product_tag?post=4531"}],"curies":[{"name":"wp","href":"https:\/\/api.w.org\/{rel}","templated":true}]}}