{"id":6491,"date":"2020-09-02T13:53:56","date_gmt":"2020-09-02T11:53:56","guid":{"rendered":"https:\/\/galerieannebarrault.com\/produit\/des-dechets-pour-memoire\/"},"modified":"2020-09-02T13:57:11","modified_gmt":"2020-09-02T11:57:11","slug":"des-dechets-pour-memoire","status":"publish","type":"product","link":"https:\/\/galerieannebarrault.com\/en\/produit\/des-dechets-pour-memoire\/","title":{"rendered":"D\u00e9borah Laks &#8211; Des d\u00e9chets pour m\u00e9moire"},"content":{"rendered":"","protected":false},"excerpt":{"rendered":"<p>This study addresses the scope of the use of found objects and garbage by the Nouveaux R\u00e9alistes in the 1960s.<\/p>\n","protected":false},"featured_media":6490,"template":"","meta":{"_monsterinsights_skip_tracking":false,"_monsterinsights_sitenote_active":false,"_monsterinsights_sitenote_note":"","_monsterinsights_sitenote_category":0},"product_brand":[],"product_cat":[31],"product_tag":[],"class_list":{"0":"post-6491","1":"product","2":"type-product","3":"status-publish","4":"has-post-thumbnail","6":"product_cat-books","8":"first","9":"instock","10":"shipping-taxable","11":"purchasable","12":"product-type-simple"},"yoast_head":"<!-- This site is optimized with the Yoast SEO plugin v27.4 - https:\/\/yoast.com\/product\/yoast-seo-wordpress\/ -->\n<title>D\u00e9borah Laks - Des d\u00e9chets pour m\u00e9moire &#8211; galerie anne barrault<\/title>\n<meta name=\"robots\" content=\"index, follow, max-snippet:-1, max-image-preview:large, max-video-preview:-1\" \/>\n<link rel=\"canonical\" href=\"https:\/\/galerieannebarrault.com\/en\/produit\/des-dechets-pour-memoire\/\" \/>\n<meta property=\"og:locale\" content=\"en_US\" \/>\n<meta property=\"og:type\" content=\"article\" \/>\n<meta property=\"og:title\" content=\"D\u00e9borah Laks - Des d\u00e9chets pour m\u00e9moire &#8211; galerie anne barrault\" \/>\n<meta property=\"og:description\" content=\"This study addresses the scope of the use of found objects and garbage by the Nouveaux R\u00e9alistes in the 1960s.\" \/>\n<meta property=\"og:url\" content=\"https:\/\/galerieannebarrault.com\/en\/produit\/des-dechets-pour-memoire\/\" \/>\n<meta property=\"og:site_name\" content=\"galerie anne barrault\" \/>\n<meta property=\"article:publisher\" content=\"https:\/\/www.facebook.com\/galerieannebarrault\/\" \/>\n<meta property=\"article:modified_time\" content=\"2020-09-02T11:57:11+00:00\" \/>\n<meta property=\"og:image\" content=\"https:\/\/galerieannebarrault.com\/wp-content\/uploads\/2020\/09\/lireLaks.jpg\" \/>\n\t<meta property=\"og:image:width\" content=\"398\" \/>\n\t<meta property=\"og:image:height\" content=\"464\" \/>\n\t<meta property=\"og:image:type\" content=\"image\/jpeg\" \/>\n<meta name=\"twitter:card\" content=\"summary_large_image\" \/>\n<meta name=\"twitter:site\" content=\"@Anne_Barrault\" \/>\n<script type=\"application\/ld+json\" class=\"yoast-schema-graph\">{\"@context\":\"https:\\\/\\\/schema.org\",\"@graph\":[{\"@type\":\"WebPage\",\"@id\":\"https:\\\/\\\/galerieannebarrault.com\\\/en\\\/produit\\\/des-dechets-pour-memoire\\\/\",\"url\":\"https:\\\/\\\/galerieannebarrault.com\\\/en\\\/produit\\\/des-dechets-pour-memoire\\\/\",\"name\":\"D\u00e9borah Laks - Des d\u00e9chets pour m\u00e9moire &#8211; galerie anne barrault\",\"isPartOf\":{\"@id\":\"https:\\\/\\\/galerieannebarrault.com\\\/#website\"},\"primaryImageOfPage\":{\"@id\":\"https:\\\/\\\/galerieannebarrault.com\\\/en\\\/produit\\\/des-dechets-pour-memoire\\\/#primaryimage\"},\"image\":{\"@id\":\"https:\\\/\\\/galerieannebarrault.com\\\/en\\\/produit\\\/des-dechets-pour-memoire\\\/#primaryimage\"},\"thumbnailUrl\":\"https:\\\/\\\/galerieannebarrault.com\\\/wp-content\\\/uploads\\\/2020\\\/09\\\/lireLaks.jpg\",\"datePublished\":\"2020-09-02T11:53:56+00:00\",\"dateModified\":\"2020-09-02T11:57:11+00:00\",\"breadcrumb\":{\"@id\":\"https:\\\/\\\/galerieannebarrault.com\\\/en\\\/produit\\\/des-dechets-pour-memoire\\\/#breadcrumb\"},\"inLanguage\":\"en-US\",\"potentialAction\":[{\"@type\":\"ReadAction\",\"target\":[\"https:\\\/\\\/galerieannebarrault.com\\\/en\\\/produit\\\/des-dechets-pour-memoire\\\/\"]}]},{\"@type\":\"ImageObject\",\"inLanguage\":\"en-US\",\"@id\":\"https:\\\/\\\/galerieannebarrault.com\\\/en\\\/produit\\\/des-dechets-pour-memoire\\\/#primaryimage\",\"url\":\"https:\\\/\\\/galerieannebarrault.com\\\/wp-content\\\/uploads\\\/2020\\\/09\\\/lireLaks.jpg\",\"contentUrl\":\"https:\\\/\\\/galerieannebarrault.com\\\/wp-content\\\/uploads\\\/2020\\\/09\\\/lireLaks.jpg\",\"width\":398,\"height\":464},{\"@type\":\"BreadcrumbList\",\"@id\":\"https:\\\/\\\/galerieannebarrault.com\\\/en\\\/produit\\\/des-dechets-pour-memoire\\\/#breadcrumb\",\"itemListElement\":[{\"@type\":\"ListItem\",\"position\":1,\"name\":\"Accueil\",\"item\":\"https:\\\/\\\/galerieannebarrault.com\\\/en\\\/accueil\\\/\"},{\"@type\":\"ListItem\",\"position\":2,\"name\":\"D\u00e9borah Laks &#8211; Des d\u00e9chets pour m\u00e9moire\"}]},{\"@type\":\"WebSite\",\"@id\":\"https:\\\/\\\/galerieannebarrault.com\\\/#website\",\"url\":\"https:\\\/\\\/galerieannebarrault.com\\\/\",\"name\":\"galerie anne barrault\",\"description\":\"\",\"publisher\":{\"@id\":\"https:\\\/\\\/galerieannebarrault.com\\\/#organization\"},\"potentialAction\":[{\"@type\":\"SearchAction\",\"target\":{\"@type\":\"EntryPoint\",\"urlTemplate\":\"https:\\\/\\\/galerieannebarrault.com\\\/?s={search_term_string}\"},\"query-input\":{\"@type\":\"PropertyValueSpecification\",\"valueRequired\":true,\"valueName\":\"search_term_string\"}}],\"inLanguage\":\"en-US\"},{\"@type\":\"Organization\",\"@id\":\"https:\\\/\\\/galerieannebarrault.com\\\/#organization\",\"name\":\"Galerie Anne Barrault\",\"url\":\"https:\\\/\\\/galerieannebarrault.com\\\/\",\"logo\":{\"@type\":\"ImageObject\",\"inLanguage\":\"en-US\",\"@id\":\"https:\\\/\\\/galerieannebarrault.com\\\/#\\\/schema\\\/logo\\\/image\\\/\",\"url\":\"https:\\\/\\\/galerieannebarrault.com\\\/wp-content\\\/uploads\\\/2018\\\/07\\\/logo_anne_barrault.png\",\"contentUrl\":\"https:\\\/\\\/galerieannebarrault.com\\\/wp-content\\\/uploads\\\/2018\\\/07\\\/logo_anne_barrault.png\",\"width\":375,\"height\":200,\"caption\":\"Galerie Anne Barrault\"},\"image\":{\"@id\":\"https:\\\/\\\/galerieannebarrault.com\\\/#\\\/schema\\\/logo\\\/image\\\/\"},\"sameAs\":[\"https:\\\/\\\/www.facebook.com\\\/galerieannebarrault\\\/\",\"https:\\\/\\\/x.com\\\/Anne_Barrault\",\"https:\\\/\\\/twitter.com\\\/Anne_Barrault\"]}]}<\/script>\n<!-- \/ Yoast SEO plugin. -->","yoast_head_json":{"title":"D\u00e9borah Laks - Des d\u00e9chets pour m\u00e9moire &#8211; galerie anne barrault","robots":{"index":"index","follow":"follow","max-snippet":"max-snippet:-1","max-image-preview":"max-image-preview:large","max-video-preview":"max-video-preview:-1"},"canonical":"https:\/\/galerieannebarrault.com\/en\/produit\/des-dechets-pour-memoire\/","og_locale":"en_US","og_type":"article","og_title":"D\u00e9borah Laks - Des d\u00e9chets pour m\u00e9moire &#8211; galerie anne barrault","og_description":"This study addresses the scope of the use of found objects and garbage by the Nouveaux R\u00e9alistes in the 1960s.","og_url":"https:\/\/galerieannebarrault.com\/en\/produit\/des-dechets-pour-memoire\/","og_site_name":"galerie anne barrault","article_publisher":"https:\/\/www.facebook.com\/galerieannebarrault\/","article_modified_time":"2020-09-02T11:57:11+00:00","og_image":[{"width":398,"height":464,"url":"https:\/\/galerieannebarrault.com\/wp-content\/uploads\/2020\/09\/lireLaks.jpg","type":"image\/jpeg"}],"twitter_card":"summary_large_image","twitter_site":"@Anne_Barrault","schema":{"@context":"https:\/\/schema.org","@graph":[{"@type":"WebPage","@id":"https:\/\/galerieannebarrault.com\/en\/produit\/des-dechets-pour-memoire\/","url":"https:\/\/galerieannebarrault.com\/en\/produit\/des-dechets-pour-memoire\/","name":"D\u00e9borah Laks - Des d\u00e9chets pour m\u00e9moire &#8211; galerie anne barrault","isPartOf":{"@id":"https:\/\/galerieannebarrault.com\/#website"},"primaryImageOfPage":{"@id":"https:\/\/galerieannebarrault.com\/en\/produit\/des-dechets-pour-memoire\/#primaryimage"},"image":{"@id":"https:\/\/galerieannebarrault.com\/en\/produit\/des-dechets-pour-memoire\/#primaryimage"},"thumbnailUrl":"https:\/\/galerieannebarrault.com\/wp-content\/uploads\/2020\/09\/lireLaks.jpg","datePublished":"2020-09-02T11:53:56+00:00","dateModified":"2020-09-02T11:57:11+00:00","breadcrumb":{"@id":"https:\/\/galerieannebarrault.com\/en\/produit\/des-dechets-pour-memoire\/#breadcrumb"},"inLanguage":"en-US","potentialAction":[{"@type":"ReadAction","target":["https:\/\/galerieannebarrault.com\/en\/produit\/des-dechets-pour-memoire\/"]}]},{"@type":"ImageObject","inLanguage":"en-US","@id":"https:\/\/galerieannebarrault.com\/en\/produit\/des-dechets-pour-memoire\/#primaryimage","url":"https:\/\/galerieannebarrault.com\/wp-content\/uploads\/2020\/09\/lireLaks.jpg","contentUrl":"https:\/\/galerieannebarrault.com\/wp-content\/uploads\/2020\/09\/lireLaks.jpg","width":398,"height":464},{"@type":"BreadcrumbList","@id":"https:\/\/galerieannebarrault.com\/en\/produit\/des-dechets-pour-memoire\/#breadcrumb","itemListElement":[{"@type":"ListItem","position":1,"name":"Accueil","item":"https:\/\/galerieannebarrault.com\/en\/accueil\/"},{"@type":"ListItem","position":2,"name":"D\u00e9borah Laks &#8211; Des d\u00e9chets pour m\u00e9moire"}]},{"@type":"WebSite","@id":"https:\/\/galerieannebarrault.com\/#website","url":"https:\/\/galerieannebarrault.com\/","name":"galerie anne barrault","description":"","publisher":{"@id":"https:\/\/galerieannebarrault.com\/#organization"},"potentialAction":[{"@type":"SearchAction","target":{"@type":"EntryPoint","urlTemplate":"https:\/\/galerieannebarrault.com\/?s={search_term_string}"},"query-input":{"@type":"PropertyValueSpecification","valueRequired":true,"valueName":"search_term_string"}}],"inLanguage":"en-US"},{"@type":"Organization","@id":"https:\/\/galerieannebarrault.com\/#organization","name":"Galerie Anne Barrault","url":"https:\/\/galerieannebarrault.com\/","logo":{"@type":"ImageObject","inLanguage":"en-US","@id":"https:\/\/galerieannebarrault.com\/#\/schema\/logo\/image\/","url":"https:\/\/galerieannebarrault.com\/wp-content\/uploads\/2018\/07\/logo_anne_barrault.png","contentUrl":"https:\/\/galerieannebarrault.com\/wp-content\/uploads\/2018\/07\/logo_anne_barrault.png","width":375,"height":200,"caption":"Galerie Anne Barrault"},"image":{"@id":"https:\/\/galerieannebarrault.com\/#\/schema\/logo\/image\/"},"sameAs":["https:\/\/www.facebook.com\/galerieannebarrault\/","https:\/\/x.com\/Anne_Barrault","https:\/\/twitter.com\/Anne_Barrault"]}]}},"_links":{"self":[{"href":"https:\/\/galerieannebarrault.com\/en\/wp-json\/wp\/v2\/product\/6491","targetHints":{"allow":["GET"]}}],"collection":[{"href":"https:\/\/galerieannebarrault.com\/en\/wp-json\/wp\/v2\/product"}],"about":[{"href":"https:\/\/galerieannebarrault.com\/en\/wp-json\/wp\/v2\/types\/product"}],"wp:featuredmedia":[{"embeddable":true,"href":"https:\/\/galerieannebarrault.com\/en\/wp-json\/wp\/v2\/media\/6490"}],"wp:attachment":[{"href":"https:\/\/galerieannebarrault.com\/en\/wp-json\/wp\/v2\/media?parent=6491"}],"wp:term":[{"taxonomy":"product_brand","embeddable":true,"href":"https:\/\/galerieannebarrault.com\/en\/wp-json\/wp\/v2\/product_brand?post=6491"},{"taxonomy":"product_cat","embeddable":true,"href":"https:\/\/galerieannebarrault.com\/en\/wp-json\/wp\/v2\/product_cat?post=6491"},{"taxonomy":"product_tag","embeddable":true,"href":"https:\/\/galerieannebarrault.com\/en\/wp-json\/wp\/v2\/product_tag?post=6491"}],"curies":[{"name":"wp","href":"https:\/\/api.w.org\/{rel}","templated":true}]}}