{"id":7787,"date":"2021-08-26T15:20:54","date_gmt":"2021-08-26T13:20:54","guid":{"rendered":"https:\/\/galerieannebarrault.com\/?post_type=product&#038;p=7787"},"modified":"2023-11-08T16:47:14","modified_gmt":"2023-11-08T15:47:14","slug":"neila-czermak-ichti_livre","status":"publish","type":"product","link":"https:\/\/galerieannebarrault.com\/en\/produit\/neila-czermak-ichti_livre\/","title":{"rendered":"Ne\u00efla Czermak Ichti _ Repos \u00e0 nos magiques"},"content":{"rendered":"","protected":false},"excerpt":{"rendered":"<p>Born in Bondy in 1996, Ne\u00efla Czermak Ichti lives and works in Marseille.<\/p>\n<p>Her work moves between fiction and personal narrative. Her depictions of seemingly banal, everyday scenes take on hidden, magical and invisible dimensions.<br \/>\nIn her drawings and paintings, she depicts the people in her life, be they family, friends, creatures from ancestral beliefs, or horrific and fantastic films. In her work, the monsters and hybrid beings that populate her universe act as protective figures, symbols of transitions and the unspoken. Ne\u00efla deals with inner journeys, solitude, stories and traumas handed down from generation to generation.<\/p>\n<p>A text by Ne\u00efla Czermak Ichti, entitled <em>Homage and Peace to Bolaji Badejo<\/em>, is also published in this book.<\/p>\n<p>with the support of the Centre national des arts plastiques and galerie Anne Barrault.<\/p>\n","protected":false},"featured_media":7792,"template":"","meta":{"_monsterinsights_skip_tracking":false,"_monsterinsights_sitenote_active":false,"_monsterinsights_sitenote_note":"","_monsterinsights_sitenote_category":0},"product_brand":[],"product_cat":[31],"product_tag":[],"class_list":{"0":"post-7787","1":"product","2":"type-product","3":"status-publish","4":"has-post-thumbnail","6":"product_cat-books","7":"product_shipping_class-books","9":"first","10":"instock","11":"shipping-taxable","12":"purchasable","13":"product-type-simple"},"yoast_head":"<!-- This site is optimized with the Yoast SEO plugin v27.5 - https:\/\/yoast.com\/product\/yoast-seo-wordpress\/ -->\n<title>Ne\u00efla Czermak Ichti _ Repos \u00e0 nos magiques &#8211; galerie anne barrault<\/title>\n<meta name=\"robots\" content=\"index, follow, max-snippet:-1, max-image-preview:large, max-video-preview:-1\" \/>\n<link rel=\"canonical\" href=\"https:\/\/galerieannebarrault.com\/en\/produit\/neila-czermak-ichti_livre\/\" \/>\n<meta property=\"og:locale\" content=\"en_US\" \/>\n<meta property=\"og:type\" content=\"article\" \/>\n<meta property=\"og:title\" content=\"Ne\u00efla Czermak Ichti _ Repos \u00e0 nos magiques &#8211; galerie anne barrault\" \/>\n<meta property=\"og:description\" content=\"Born in Bondy in 1996, Ne\u00efla Czermak Ichti lives and works in Marseille.  Her work moves between fiction and personal narrative. Her depictions of seemingly banal, everyday scenes take on hidden, magical and invisible dimensions. In her drawings and paintings, she depicts the people in her life, be they family, friends, creatures from ancestral beliefs, or horrific and fantastic films. In her work, the monsters and hybrid beings that populate her universe act as protective figures, symbols of transitions and the unspoken. Ne\u00efla deals with inner journeys, solitude, stories and traumas handed down from generation to generation.  A text by Ne\u00efla Czermak Ichti, entitled Homage and Peace to Bolaji Badejo, is also published in this book.  with the support of the Centre national des arts plastiques and galerie Anne Barrault.\" \/>\n<meta property=\"og:url\" content=\"https:\/\/galerieannebarrault.com\/en\/produit\/neila-czermak-ichti_livre\/\" \/>\n<meta property=\"og:site_name\" content=\"galerie anne barrault\" \/>\n<meta property=\"article:publisher\" content=\"https:\/\/www.facebook.com\/galerieannebarrault\/\" \/>\n<meta property=\"article:modified_time\" content=\"2023-11-08T15:47:14+00:00\" \/>\n<meta property=\"og:image\" content=\"https:\/\/galerieannebarrault.com\/wp-content\/uploads\/2021\/08\/CZERMAK_COUV_recto.jpg\" \/>\n\t<meta property=\"og:image:width\" content=\"668\" \/>\n\t<meta property=\"og:image:height\" content=\"892\" \/>\n\t<meta property=\"og:image:type\" content=\"image\/jpeg\" \/>\n<meta name=\"twitter:card\" content=\"summary_large_image\" \/>\n<meta name=\"twitter:site\" content=\"@Anne_Barrault\" \/>\n<script type=\"application\/ld+json\" class=\"yoast-schema-graph\">{\"@context\":\"https:\\\/\\\/schema.org\",\"@graph\":[{\"@type\":\"WebPage\",\"@id\":\"https:\\\/\\\/galerieannebarrault.com\\\/en\\\/produit\\\/neila-czermak-ichti_livre\\\/\",\"url\":\"https:\\\/\\\/galerieannebarrault.com\\\/en\\\/produit\\\/neila-czermak-ichti_livre\\\/\",\"name\":\"Ne\u00efla Czermak Ichti _ Repos \u00e0 nos magiques &#8211; galerie anne barrault\",\"isPartOf\":{\"@id\":\"https:\\\/\\\/galerieannebarrault.com\\\/#website\"},\"primaryImageOfPage\":{\"@id\":\"https:\\\/\\\/galerieannebarrault.com\\\/en\\\/produit\\\/neila-czermak-ichti_livre\\\/#primaryimage\"},\"image\":{\"@id\":\"https:\\\/\\\/galerieannebarrault.com\\\/en\\\/produit\\\/neila-czermak-ichti_livre\\\/#primaryimage\"},\"thumbnailUrl\":\"https:\\\/\\\/galerieannebarrault.com\\\/wp-content\\\/uploads\\\/2021\\\/08\\\/CZERMAK_COUV_recto.jpg\",\"datePublished\":\"2021-08-26T13:20:54+00:00\",\"dateModified\":\"2023-11-08T15:47:14+00:00\",\"breadcrumb\":{\"@id\":\"https:\\\/\\\/galerieannebarrault.com\\\/en\\\/produit\\\/neila-czermak-ichti_livre\\\/#breadcrumb\"},\"inLanguage\":\"en-US\",\"potentialAction\":[{\"@type\":\"ReadAction\",\"target\":[\"https:\\\/\\\/galerieannebarrault.com\\\/en\\\/produit\\\/neila-czermak-ichti_livre\\\/\"]}]},{\"@type\":\"ImageObject\",\"inLanguage\":\"en-US\",\"@id\":\"https:\\\/\\\/galerieannebarrault.com\\\/en\\\/produit\\\/neila-czermak-ichti_livre\\\/#primaryimage\",\"url\":\"https:\\\/\\\/galerieannebarrault.com\\\/wp-content\\\/uploads\\\/2021\\\/08\\\/CZERMAK_COUV_recto.jpg\",\"contentUrl\":\"https:\\\/\\\/galerieannebarrault.com\\\/wp-content\\\/uploads\\\/2021\\\/08\\\/CZERMAK_COUV_recto.jpg\",\"width\":668,\"height\":892},{\"@type\":\"BreadcrumbList\",\"@id\":\"https:\\\/\\\/galerieannebarrault.com\\\/en\\\/produit\\\/neila-czermak-ichti_livre\\\/#breadcrumb\",\"itemListElement\":[{\"@type\":\"ListItem\",\"position\":1,\"name\":\"Accueil\",\"item\":\"https:\\\/\\\/galerieannebarrault.com\\\/en\\\/accueil\\\/\"},{\"@type\":\"ListItem\",\"position\":2,\"name\":\"Ne\u00efla Czermak Ichti _ Repos \u00e0 nos magiques\"}]},{\"@type\":\"WebSite\",\"@id\":\"https:\\\/\\\/galerieannebarrault.com\\\/#website\",\"url\":\"https:\\\/\\\/galerieannebarrault.com\\\/\",\"name\":\"galerie anne barrault\",\"description\":\"\",\"publisher\":{\"@id\":\"https:\\\/\\\/galerieannebarrault.com\\\/#organization\"},\"potentialAction\":[{\"@type\":\"SearchAction\",\"target\":{\"@type\":\"EntryPoint\",\"urlTemplate\":\"https:\\\/\\\/galerieannebarrault.com\\\/?s={search_term_string}\"},\"query-input\":{\"@type\":\"PropertyValueSpecification\",\"valueRequired\":true,\"valueName\":\"search_term_string\"}}],\"inLanguage\":\"en-US\"},{\"@type\":\"Organization\",\"@id\":\"https:\\\/\\\/galerieannebarrault.com\\\/#organization\",\"name\":\"Galerie Anne Barrault\",\"url\":\"https:\\\/\\\/galerieannebarrault.com\\\/\",\"logo\":{\"@type\":\"ImageObject\",\"inLanguage\":\"en-US\",\"@id\":\"https:\\\/\\\/galerieannebarrault.com\\\/#\\\/schema\\\/logo\\\/image\\\/\",\"url\":\"https:\\\/\\\/galerieannebarrault.com\\\/wp-content\\\/uploads\\\/2018\\\/07\\\/logo_anne_barrault.png\",\"contentUrl\":\"https:\\\/\\\/galerieannebarrault.com\\\/wp-content\\\/uploads\\\/2018\\\/07\\\/logo_anne_barrault.png\",\"width\":375,\"height\":200,\"caption\":\"Galerie Anne Barrault\"},\"image\":{\"@id\":\"https:\\\/\\\/galerieannebarrault.com\\\/#\\\/schema\\\/logo\\\/image\\\/\"},\"sameAs\":[\"https:\\\/\\\/www.facebook.com\\\/galerieannebarrault\\\/\",\"https:\\\/\\\/x.com\\\/Anne_Barrault\",\"https:\\\/\\\/twitter.com\\\/Anne_Barrault\"]}]}<\/script>\n<!-- \/ Yoast SEO plugin. -->","yoast_head_json":{"title":"Ne\u00efla Czermak Ichti _ Repos \u00e0 nos magiques &#8211; galerie anne barrault","robots":{"index":"index","follow":"follow","max-snippet":"max-snippet:-1","max-image-preview":"max-image-preview:large","max-video-preview":"max-video-preview:-1"},"canonical":"https:\/\/galerieannebarrault.com\/en\/produit\/neila-czermak-ichti_livre\/","og_locale":"en_US","og_type":"article","og_title":"Ne\u00efla Czermak Ichti _ Repos \u00e0 nos magiques &#8211; galerie anne barrault","og_description":"Born in Bondy in 1996, Ne\u00efla Czermak Ichti lives and works in Marseille.  Her work moves between fiction and personal narrative. Her depictions of seemingly banal, everyday scenes take on hidden, magical and invisible dimensions. In her drawings and paintings, she depicts the people in her life, be they family, friends, creatures from ancestral beliefs, or horrific and fantastic films. In her work, the monsters and hybrid beings that populate her universe act as protective figures, symbols of transitions and the unspoken. Ne\u00efla deals with inner journeys, solitude, stories and traumas handed down from generation to generation.  A text by Ne\u00efla Czermak Ichti, entitled Homage and Peace to Bolaji Badejo, is also published in this book.  with the support of the Centre national des arts plastiques and galerie Anne Barrault.","og_url":"https:\/\/galerieannebarrault.com\/en\/produit\/neila-czermak-ichti_livre\/","og_site_name":"galerie anne barrault","article_publisher":"https:\/\/www.facebook.com\/galerieannebarrault\/","article_modified_time":"2023-11-08T15:47:14+00:00","og_image":[{"width":668,"height":892,"url":"https:\/\/galerieannebarrault.com\/wp-content\/uploads\/2021\/08\/CZERMAK_COUV_recto.jpg","type":"image\/jpeg"}],"twitter_card":"summary_large_image","twitter_site":"@Anne_Barrault","schema":{"@context":"https:\/\/schema.org","@graph":[{"@type":"WebPage","@id":"https:\/\/galerieannebarrault.com\/en\/produit\/neila-czermak-ichti_livre\/","url":"https:\/\/galerieannebarrault.com\/en\/produit\/neila-czermak-ichti_livre\/","name":"Ne\u00efla Czermak Ichti _ Repos \u00e0 nos magiques &#8211; galerie anne barrault","isPartOf":{"@id":"https:\/\/galerieannebarrault.com\/#website"},"primaryImageOfPage":{"@id":"https:\/\/galerieannebarrault.com\/en\/produit\/neila-czermak-ichti_livre\/#primaryimage"},"image":{"@id":"https:\/\/galerieannebarrault.com\/en\/produit\/neila-czermak-ichti_livre\/#primaryimage"},"thumbnailUrl":"https:\/\/galerieannebarrault.com\/wp-content\/uploads\/2021\/08\/CZERMAK_COUV_recto.jpg","datePublished":"2021-08-26T13:20:54+00:00","dateModified":"2023-11-08T15:47:14+00:00","breadcrumb":{"@id":"https:\/\/galerieannebarrault.com\/en\/produit\/neila-czermak-ichti_livre\/#breadcrumb"},"inLanguage":"en-US","potentialAction":[{"@type":"ReadAction","target":["https:\/\/galerieannebarrault.com\/en\/produit\/neila-czermak-ichti_livre\/"]}]},{"@type":"ImageObject","inLanguage":"en-US","@id":"https:\/\/galerieannebarrault.com\/en\/produit\/neila-czermak-ichti_livre\/#primaryimage","url":"https:\/\/galerieannebarrault.com\/wp-content\/uploads\/2021\/08\/CZERMAK_COUV_recto.jpg","contentUrl":"https:\/\/galerieannebarrault.com\/wp-content\/uploads\/2021\/08\/CZERMAK_COUV_recto.jpg","width":668,"height":892},{"@type":"BreadcrumbList","@id":"https:\/\/galerieannebarrault.com\/en\/produit\/neila-czermak-ichti_livre\/#breadcrumb","itemListElement":[{"@type":"ListItem","position":1,"name":"Accueil","item":"https:\/\/galerieannebarrault.com\/en\/accueil\/"},{"@type":"ListItem","position":2,"name":"Ne\u00efla Czermak Ichti _ Repos \u00e0 nos magiques"}]},{"@type":"WebSite","@id":"https:\/\/galerieannebarrault.com\/#website","url":"https:\/\/galerieannebarrault.com\/","name":"galerie anne barrault","description":"","publisher":{"@id":"https:\/\/galerieannebarrault.com\/#organization"},"potentialAction":[{"@type":"SearchAction","target":{"@type":"EntryPoint","urlTemplate":"https:\/\/galerieannebarrault.com\/?s={search_term_string}"},"query-input":{"@type":"PropertyValueSpecification","valueRequired":true,"valueName":"search_term_string"}}],"inLanguage":"en-US"},{"@type":"Organization","@id":"https:\/\/galerieannebarrault.com\/#organization","name":"Galerie Anne Barrault","url":"https:\/\/galerieannebarrault.com\/","logo":{"@type":"ImageObject","inLanguage":"en-US","@id":"https:\/\/galerieannebarrault.com\/#\/schema\/logo\/image\/","url":"https:\/\/galerieannebarrault.com\/wp-content\/uploads\/2018\/07\/logo_anne_barrault.png","contentUrl":"https:\/\/galerieannebarrault.com\/wp-content\/uploads\/2018\/07\/logo_anne_barrault.png","width":375,"height":200,"caption":"Galerie Anne Barrault"},"image":{"@id":"https:\/\/galerieannebarrault.com\/#\/schema\/logo\/image\/"},"sameAs":["https:\/\/www.facebook.com\/galerieannebarrault\/","https:\/\/x.com\/Anne_Barrault","https:\/\/twitter.com\/Anne_Barrault"]}]}},"_links":{"self":[{"href":"https:\/\/galerieannebarrault.com\/en\/wp-json\/wp\/v2\/product\/7787","targetHints":{"allow":["GET"]}}],"collection":[{"href":"https:\/\/galerieannebarrault.com\/en\/wp-json\/wp\/v2\/product"}],"about":[{"href":"https:\/\/galerieannebarrault.com\/en\/wp-json\/wp\/v2\/types\/product"}],"wp:featuredmedia":[{"embeddable":true,"href":"https:\/\/galerieannebarrault.com\/en\/wp-json\/wp\/v2\/media\/7792"}],"wp:attachment":[{"href":"https:\/\/galerieannebarrault.com\/en\/wp-json\/wp\/v2\/media?parent=7787"}],"wp:term":[{"taxonomy":"product_brand","embeddable":true,"href":"https:\/\/galerieannebarrault.com\/en\/wp-json\/wp\/v2\/product_brand?post=7787"},{"taxonomy":"product_cat","embeddable":true,"href":"https:\/\/galerieannebarrault.com\/en\/wp-json\/wp\/v2\/product_cat?post=7787"},{"taxonomy":"product_tag","embeddable":true,"href":"https:\/\/galerieannebarrault.com\/en\/wp-json\/wp\/v2\/product_tag?post=7787"}],"curies":[{"name":"wp","href":"https:\/\/api.w.org\/{rel}","templated":true}]}}