{"id":9848,"date":"2023-04-22T13:19:20","date_gmt":"2023-04-22T11:19:20","guid":{"rendered":"https:\/\/galerieannebarrault.com\/produit\/vimala-pons_eusapia-klane\/"},"modified":"2023-05-10T11:32:31","modified_gmt":"2023-05-10T09:32:31","slug":"vimala-pons-eusapia-klane","status":"publish","type":"product","link":"https:\/\/galerieannebarrault.com\/en\/produit\/vimala-pons-eusapia-klane\/","title":{"rendered":"Vimala Pons &#8211; Eusapia Klane"},"content":{"rendered":"<p><em>Eusapia Klane<\/em> is an audiobook whose instrumental part composes the music of the entire <em>P\u00e9rim\u00e8tre de Denver<\/em>. Eusapia Klane is one of the main characters of the circus piece <em>Le P\u00e9rim\u00e8tre de Denver<\/em>.<br \/>\nThis 20-minute audiobook dwells on Eusapia Klane going to the car dealership, thinking that she can probably trade in her current car for a new one. So she tries a car, with which, suddenly, she runs away. Eusapia never left her town. She heads for Malaxy, a bright urban enclave. In this city, she will meet Souriah, a woman who will deliver an augural<br \/>\nmessage to her. Eusapia then decides to leave with Souriah, again in another city, but still in the same stolen car. The grass is always greener elsewhere. It is often from banality that the most acute surrealism emerges.<br \/>\nThis audiobook acts like a spin-off from Eusapia\u2019s character perspective, as it tells us about the days leading up to the P\u00e9rim\u00e8tre de Denver\u2019s story.<\/p>\n<p>&nbsp;<\/p>\n<p>Text and music : Vimala Pons<br \/>\nPhoto : Makoto Chill Okubo<br \/>\nArtwork : Claire-Marine Chassain<br \/>\nRecorded at Theodoly&#8217;s House<br \/>\nMix : Victor Praud &#8211; Studio Zone d&#8217;Ombre<br \/>\nMastering : Tony Chauvin &#8211; Retroengineering<br \/>\nProduction : WARRIORECORDS, with support of Centre National de la Musique &#8211; Kythibong<\/p>\n","protected":false},"excerpt":{"rendered":"<p>Eusapia Klane is an audiobook whose instrumental part composes the music of the entire P\u00e9rim\u00e8tre de Denver. Eusapia Klane is one of the main characters of the circus piece Le P\u00e9rim\u00e8tre de Denver. This 20-minute audiobook dwells on Eusapia Klane going to the car dealership, thinking that she can probably trade in her current car for a new one. So&hellip;<a href=\"https:\/\/galerieannebarrault.com\/en\/produit\/vimala-pons-eusapia-klane\/\" class=\"more-link\">Continue reading <span class=\"screen-reader-text\">Vimala Pons &#8211; Eusapia Klane<\/span><\/a><\/p>\n","protected":false},"featured_media":9847,"template":"","meta":{"_monsterinsights_skip_tracking":false,"_monsterinsights_sitenote_active":false,"_monsterinsights_sitenote_note":"","_monsterinsights_sitenote_category":0},"product_brand":[],"product_cat":[43],"product_tag":[],"class_list":{"0":"post-9848","1":"product","2":"type-product","3":"status-publish","4":"has-post-thumbnail","6":"product_cat-discs","7":"product_shipping_class-large-formats","9":"first","10":"instock","11":"shipping-taxable","12":"purchasable","13":"product-type-simple"},"yoast_head":"<!-- This site is optimized with the Yoast SEO plugin v27.4 - https:\/\/yoast.com\/product\/yoast-seo-wordpress\/ -->\n<title>Vimala Pons - Eusapia Klane &#8211; galerie anne barrault<\/title>\n<meta name=\"robots\" content=\"index, follow, max-snippet:-1, max-image-preview:large, max-video-preview:-1\" \/>\n<link rel=\"canonical\" href=\"https:\/\/galerieannebarrault.com\/en\/produit\/vimala-pons-eusapia-klane\/\" \/>\n<meta property=\"og:locale\" content=\"en_US\" \/>\n<meta property=\"og:type\" content=\"article\" \/>\n<meta property=\"og:title\" content=\"Vimala Pons - Eusapia Klane &#8211; galerie anne barrault\" \/>\n<meta property=\"og:description\" content=\"Eusapia Klane is an audiobook whose instrumental part composes the music of the entire P\u00e9rim\u00e8tre de Denver. Eusapia Klane is one of the main characters of the circus piece Le P\u00e9rim\u00e8tre de Denver. This 20-minute audiobook dwells on Eusapia Klane going to the car dealership, thinking that she can probably trade in her current car for a new one. So&hellip;Continue reading Vimala Pons &#8211; Eusapia Klane\" \/>\n<meta property=\"og:url\" content=\"https:\/\/galerieannebarrault.com\/en\/produit\/vimala-pons-eusapia-klane\/\" \/>\n<meta property=\"og:site_name\" content=\"galerie anne barrault\" \/>\n<meta property=\"article:publisher\" content=\"https:\/\/www.facebook.com\/galerieannebarrault\/\" \/>\n<meta property=\"article:modified_time\" content=\"2023-05-10T09:32:31+00:00\" \/>\n<meta property=\"og:image\" content=\"https:\/\/galerieannebarrault.com\/wp-content\/uploads\/2023\/04\/Vimala-Pons_disque_10.jpg\" \/>\n\t<meta property=\"og:image:width\" content=\"1200\" \/>\n\t<meta property=\"og:image:height\" content=\"850\" \/>\n\t<meta property=\"og:image:type\" content=\"image\/jpeg\" \/>\n<meta name=\"twitter:card\" content=\"summary_large_image\" \/>\n<meta name=\"twitter:site\" content=\"@Anne_Barrault\" \/>\n<meta name=\"twitter:label1\" content=\"Est. reading time\" \/>\n\t<meta name=\"twitter:data1\" content=\"1 minute\" \/>\n<script type=\"application\/ld+json\" class=\"yoast-schema-graph\">{\"@context\":\"https:\\\/\\\/schema.org\",\"@graph\":[{\"@type\":\"WebPage\",\"@id\":\"https:\\\/\\\/galerieannebarrault.com\\\/en\\\/produit\\\/vimala-pons-eusapia-klane\\\/\",\"url\":\"https:\\\/\\\/galerieannebarrault.com\\\/en\\\/produit\\\/vimala-pons-eusapia-klane\\\/\",\"name\":\"Vimala Pons - Eusapia Klane &#8211; galerie anne barrault\",\"isPartOf\":{\"@id\":\"https:\\\/\\\/galerieannebarrault.com\\\/#website\"},\"primaryImageOfPage\":{\"@id\":\"https:\\\/\\\/galerieannebarrault.com\\\/en\\\/produit\\\/vimala-pons-eusapia-klane\\\/#primaryimage\"},\"image\":{\"@id\":\"https:\\\/\\\/galerieannebarrault.com\\\/en\\\/produit\\\/vimala-pons-eusapia-klane\\\/#primaryimage\"},\"thumbnailUrl\":\"https:\\\/\\\/galerieannebarrault.com\\\/wp-content\\\/uploads\\\/2023\\\/04\\\/Vimala-Pons_disque_10.jpg\",\"datePublished\":\"2023-04-22T11:19:20+00:00\",\"dateModified\":\"2023-05-10T09:32:31+00:00\",\"breadcrumb\":{\"@id\":\"https:\\\/\\\/galerieannebarrault.com\\\/en\\\/produit\\\/vimala-pons-eusapia-klane\\\/#breadcrumb\"},\"inLanguage\":\"en-US\",\"potentialAction\":[{\"@type\":\"ReadAction\",\"target\":[\"https:\\\/\\\/galerieannebarrault.com\\\/en\\\/produit\\\/vimala-pons-eusapia-klane\\\/\"]}]},{\"@type\":\"ImageObject\",\"inLanguage\":\"en-US\",\"@id\":\"https:\\\/\\\/galerieannebarrault.com\\\/en\\\/produit\\\/vimala-pons-eusapia-klane\\\/#primaryimage\",\"url\":\"https:\\\/\\\/galerieannebarrault.com\\\/wp-content\\\/uploads\\\/2023\\\/04\\\/Vimala-Pons_disque_10.jpg\",\"contentUrl\":\"https:\\\/\\\/galerieannebarrault.com\\\/wp-content\\\/uploads\\\/2023\\\/04\\\/Vimala-Pons_disque_10.jpg\",\"width\":1200,\"height\":850},{\"@type\":\"BreadcrumbList\",\"@id\":\"https:\\\/\\\/galerieannebarrault.com\\\/en\\\/produit\\\/vimala-pons-eusapia-klane\\\/#breadcrumb\",\"itemListElement\":[{\"@type\":\"ListItem\",\"position\":1,\"name\":\"Accueil\",\"item\":\"https:\\\/\\\/galerieannebarrault.com\\\/en\\\/accueil\\\/\"},{\"@type\":\"ListItem\",\"position\":2,\"name\":\"Vimala Pons &#8211; Eusapia Klane\"}]},{\"@type\":\"WebSite\",\"@id\":\"https:\\\/\\\/galerieannebarrault.com\\\/#website\",\"url\":\"https:\\\/\\\/galerieannebarrault.com\\\/\",\"name\":\"galerie anne barrault\",\"description\":\"\",\"publisher\":{\"@id\":\"https:\\\/\\\/galerieannebarrault.com\\\/#organization\"},\"potentialAction\":[{\"@type\":\"SearchAction\",\"target\":{\"@type\":\"EntryPoint\",\"urlTemplate\":\"https:\\\/\\\/galerieannebarrault.com\\\/?s={search_term_string}\"},\"query-input\":{\"@type\":\"PropertyValueSpecification\",\"valueRequired\":true,\"valueName\":\"search_term_string\"}}],\"inLanguage\":\"en-US\"},{\"@type\":\"Organization\",\"@id\":\"https:\\\/\\\/galerieannebarrault.com\\\/#organization\",\"name\":\"Galerie Anne Barrault\",\"url\":\"https:\\\/\\\/galerieannebarrault.com\\\/\",\"logo\":{\"@type\":\"ImageObject\",\"inLanguage\":\"en-US\",\"@id\":\"https:\\\/\\\/galerieannebarrault.com\\\/#\\\/schema\\\/logo\\\/image\\\/\",\"url\":\"https:\\\/\\\/galerieannebarrault.com\\\/wp-content\\\/uploads\\\/2018\\\/07\\\/logo_anne_barrault.png\",\"contentUrl\":\"https:\\\/\\\/galerieannebarrault.com\\\/wp-content\\\/uploads\\\/2018\\\/07\\\/logo_anne_barrault.png\",\"width\":375,\"height\":200,\"caption\":\"Galerie Anne Barrault\"},\"image\":{\"@id\":\"https:\\\/\\\/galerieannebarrault.com\\\/#\\\/schema\\\/logo\\\/image\\\/\"},\"sameAs\":[\"https:\\\/\\\/www.facebook.com\\\/galerieannebarrault\\\/\",\"https:\\\/\\\/x.com\\\/Anne_Barrault\",\"https:\\\/\\\/twitter.com\\\/Anne_Barrault\"]}]}<\/script>\n<!-- \/ Yoast SEO plugin. -->","yoast_head_json":{"title":"Vimala Pons - Eusapia Klane &#8211; galerie anne barrault","robots":{"index":"index","follow":"follow","max-snippet":"max-snippet:-1","max-image-preview":"max-image-preview:large","max-video-preview":"max-video-preview:-1"},"canonical":"https:\/\/galerieannebarrault.com\/en\/produit\/vimala-pons-eusapia-klane\/","og_locale":"en_US","og_type":"article","og_title":"Vimala Pons - Eusapia Klane &#8211; galerie anne barrault","og_description":"Eusapia Klane is an audiobook whose instrumental part composes the music of the entire P\u00e9rim\u00e8tre de Denver. Eusapia Klane is one of the main characters of the circus piece Le P\u00e9rim\u00e8tre de Denver. This 20-minute audiobook dwells on Eusapia Klane going to the car dealership, thinking that she can probably trade in her current car for a new one. So&hellip;Continue reading Vimala Pons &#8211; Eusapia Klane","og_url":"https:\/\/galerieannebarrault.com\/en\/produit\/vimala-pons-eusapia-klane\/","og_site_name":"galerie anne barrault","article_publisher":"https:\/\/www.facebook.com\/galerieannebarrault\/","article_modified_time":"2023-05-10T09:32:31+00:00","og_image":[{"width":1200,"height":850,"url":"https:\/\/galerieannebarrault.com\/wp-content\/uploads\/2023\/04\/Vimala-Pons_disque_10.jpg","type":"image\/jpeg"}],"twitter_card":"summary_large_image","twitter_site":"@Anne_Barrault","twitter_misc":{"Est. reading time":"1 minute"},"schema":{"@context":"https:\/\/schema.org","@graph":[{"@type":"WebPage","@id":"https:\/\/galerieannebarrault.com\/en\/produit\/vimala-pons-eusapia-klane\/","url":"https:\/\/galerieannebarrault.com\/en\/produit\/vimala-pons-eusapia-klane\/","name":"Vimala Pons - Eusapia Klane &#8211; galerie anne barrault","isPartOf":{"@id":"https:\/\/galerieannebarrault.com\/#website"},"primaryImageOfPage":{"@id":"https:\/\/galerieannebarrault.com\/en\/produit\/vimala-pons-eusapia-klane\/#primaryimage"},"image":{"@id":"https:\/\/galerieannebarrault.com\/en\/produit\/vimala-pons-eusapia-klane\/#primaryimage"},"thumbnailUrl":"https:\/\/galerieannebarrault.com\/wp-content\/uploads\/2023\/04\/Vimala-Pons_disque_10.jpg","datePublished":"2023-04-22T11:19:20+00:00","dateModified":"2023-05-10T09:32:31+00:00","breadcrumb":{"@id":"https:\/\/galerieannebarrault.com\/en\/produit\/vimala-pons-eusapia-klane\/#breadcrumb"},"inLanguage":"en-US","potentialAction":[{"@type":"ReadAction","target":["https:\/\/galerieannebarrault.com\/en\/produit\/vimala-pons-eusapia-klane\/"]}]},{"@type":"ImageObject","inLanguage":"en-US","@id":"https:\/\/galerieannebarrault.com\/en\/produit\/vimala-pons-eusapia-klane\/#primaryimage","url":"https:\/\/galerieannebarrault.com\/wp-content\/uploads\/2023\/04\/Vimala-Pons_disque_10.jpg","contentUrl":"https:\/\/galerieannebarrault.com\/wp-content\/uploads\/2023\/04\/Vimala-Pons_disque_10.jpg","width":1200,"height":850},{"@type":"BreadcrumbList","@id":"https:\/\/galerieannebarrault.com\/en\/produit\/vimala-pons-eusapia-klane\/#breadcrumb","itemListElement":[{"@type":"ListItem","position":1,"name":"Accueil","item":"https:\/\/galerieannebarrault.com\/en\/accueil\/"},{"@type":"ListItem","position":2,"name":"Vimala Pons &#8211; Eusapia Klane"}]},{"@type":"WebSite","@id":"https:\/\/galerieannebarrault.com\/#website","url":"https:\/\/galerieannebarrault.com\/","name":"galerie anne barrault","description":"","publisher":{"@id":"https:\/\/galerieannebarrault.com\/#organization"},"potentialAction":[{"@type":"SearchAction","target":{"@type":"EntryPoint","urlTemplate":"https:\/\/galerieannebarrault.com\/?s={search_term_string}"},"query-input":{"@type":"PropertyValueSpecification","valueRequired":true,"valueName":"search_term_string"}}],"inLanguage":"en-US"},{"@type":"Organization","@id":"https:\/\/galerieannebarrault.com\/#organization","name":"Galerie Anne Barrault","url":"https:\/\/galerieannebarrault.com\/","logo":{"@type":"ImageObject","inLanguage":"en-US","@id":"https:\/\/galerieannebarrault.com\/#\/schema\/logo\/image\/","url":"https:\/\/galerieannebarrault.com\/wp-content\/uploads\/2018\/07\/logo_anne_barrault.png","contentUrl":"https:\/\/galerieannebarrault.com\/wp-content\/uploads\/2018\/07\/logo_anne_barrault.png","width":375,"height":200,"caption":"Galerie Anne Barrault"},"image":{"@id":"https:\/\/galerieannebarrault.com\/#\/schema\/logo\/image\/"},"sameAs":["https:\/\/www.facebook.com\/galerieannebarrault\/","https:\/\/x.com\/Anne_Barrault","https:\/\/twitter.com\/Anne_Barrault"]}]}},"_links":{"self":[{"href":"https:\/\/galerieannebarrault.com\/en\/wp-json\/wp\/v2\/product\/9848","targetHints":{"allow":["GET"]}}],"collection":[{"href":"https:\/\/galerieannebarrault.com\/en\/wp-json\/wp\/v2\/product"}],"about":[{"href":"https:\/\/galerieannebarrault.com\/en\/wp-json\/wp\/v2\/types\/product"}],"wp:featuredmedia":[{"embeddable":true,"href":"https:\/\/galerieannebarrault.com\/en\/wp-json\/wp\/v2\/media\/9847"}],"wp:attachment":[{"href":"https:\/\/galerieannebarrault.com\/en\/wp-json\/wp\/v2\/media?parent=9848"}],"wp:term":[{"taxonomy":"product_brand","embeddable":true,"href":"https:\/\/galerieannebarrault.com\/en\/wp-json\/wp\/v2\/product_brand?post=9848"},{"taxonomy":"product_cat","embeddable":true,"href":"https:\/\/galerieannebarrault.com\/en\/wp-json\/wp\/v2\/product_cat?post=9848"},{"taxonomy":"product_tag","embeddable":true,"href":"https:\/\/galerieannebarrault.com\/en\/wp-json\/wp\/v2\/product_tag?post=9848"}],"curies":[{"name":"wp","href":"https:\/\/api.w.org\/{rel}","templated":true}]}}